{"id":1188,"date":"2022-11-11T18:05:22","date_gmt":"2022-11-11T18:05:22","guid":{"rendered":"https:\/\/oliverabogados.es\/?page_id=1188"},"modified":"2022-11-16T20:49:53","modified_gmt":"2022-11-16T20:49:53","slug":"zivilrecht","status":"publish","type":"page","link":"https:\/\/oliverabogados.es\/de\/zivilrecht\/","title":{"rendered":"Zivilrecht"},"content":{"rendered":"<p>[et_pb_section fb_built=&#8220;1&#8243; admin_label=&#8220;Hero Section&#8220; _builder_version=&#8220;4.19.0&#8243; background_color=&#8220;#1b1b1b&#8220; use_background_color_gradient=&#8220;on&#8220; background_color_gradient_stops=&#8220;#121212 0%|rgba(51,51,51,0.72) 0%&#8220; background_color_gradient_overlays_image=&#8220;on&#8220; background_color_gradient_start=&#8220;#121212&#8243; background_color_gradient_end=&#8220;rgba(18,18,18,0.8)&#8220; background_image=&#8220;https:\/\/oliverabogados.es\/wp-content\/uploads\/2022\/09\/law-firm-26.jpg&#8220; custom_padding=&#8220;0|0px|0px|0px&#8220; locked=&#8220;off&#8220; global_colors_info=&#8220;{}&#8220;][et_pb_row _builder_version=&#8220;4.18.0&#8243; custom_padding=&#8220;0px|0|0px|&#8220; use_custom_width=&#8220;on&#8220; width_unit=&#8220;off&#8220; custom_width_percent=&#8220;100%&#8220; global_colors_info=&#8220;{}&#8220;][et_pb_column type=&#8220;4_4&#8243; _builder_version=&#8220;4.18.0&#8243; custom_padding=&#8220;120px||120px||false|false&#8220; custom_padding_tablet=&#8220;60px|10%|60px|10%&#8220; custom_padding_phone=&#8220;60px|10%|60px|10%&#8220; custom_padding_last_edited=&#8220;on|tablet&#8220; global_colors_info=&#8220;{}&#8220; padding_tablet=&#8220;60px|10%|60px|10%&#8220; padding_last_edited=&#8220;on|tablet&#8220; custom_padding__hover=&#8220;|||&#8220; padding_phone=&#8220;60px|10%|60px|10%&#8220;][et_pb_text _builder_version=&#8220;4.19.0&#8243; text_font=&#8220;Karla||||||||&#8220; text_text_color=&#8220;#FFFFFF&#8220; text_line_height=&#8220;1.8em&#8220; header_font=&#8220;Cormorant Garamond||||||||&#8220; header_text_align=&#8220;center&#8220; header_text_color=&#8220;#FFFFFF&#8220; header_font_size=&#8220;56px&#8220; header_line_height=&#8220;1.4em&#8220; header_2_font=&#8220;||||||||&#8220; header_3_font=&#8220;||||||||&#8220; text_orientation=&#8220;center&#8220; module_alignment=&#8220;center&#8220; header_font_size_tablet=&#8220;40px&#8220; header_font_size_phone=&#8220;&#8220; header_font_size_last_edited=&#8220;on|tablet&#8220; locked=&#8220;off&#8220; global_colors_info=&#8220;{}&#8220;]<\/p>\n<h1><strong>Zivilrecht<\/strong><\/h1>\n<p>[\/et_pb_text][\/et_pb_column][\/et_pb_row][\/et_pb_section][et_pb_section fb_built=&#8220;1&#8243; custom_padding_last_edited=&#8220;on|phone&#8220; _builder_version=&#8220;4.18.0&#8243; _module_preset=&#8220;default&#8220; custom_padding=&#8220;100px||55px||false|false&#8220; custom_padding_tablet=&#8220;100px||55px||false|false&#8220; custom_padding_phone=&#8220;50px||50px||false|false&#8220; global_colors_info=&#8220;{}&#8220;][et_pb_row column_structure=&#8220;1_2,1_2&#8243; _builder_version=&#8220;4.18.0&#8243; _module_preset=&#8220;default&#8220; global_colors_info=&#8220;{}&#8220;][et_pb_column type=&#8220;1_2&#8243; _builder_version=&#8220;4.18.0&#8243; _module_preset=&#8220;default&#8220; global_colors_info=&#8220;{}&#8220;][et_pb_text _builder_version=&#8220;4.19.0&#8243; text_font=&#8220;Karla||||||||&#8220; text_line_height=&#8220;1.8em&#8220; header_font=&#8220;||||||||&#8220; header_2_font=&#8220;Cormorant Garamond||||||||&#8220; header_2_font_size=&#8220;40px&#8220; header_2_line_height=&#8220;1.4em&#8220; header_3_font=&#8220;||||||||&#8220; locked=&#8220;off&#8220; global_colors_info=&#8220;{}&#8220;]<\/p>\n<h2>Fachanw\u00e4lte f\u00fcr Zivilrecht<\/h2>\n<p>[\/et_pb_text][\/et_pb_column][et_pb_column type=&#8220;1_2&#8243; _builder_version=&#8220;4.18.0&#8243; _module_preset=&#8220;default&#8220; global_colors_info=&#8220;{}&#8220;][et_pb_text _builder_version=&#8220;4.19.0&#8243; text_font=&#8220;Karla||||||||&#8220; text_line_height=&#8220;1.8em&#8220; header_font=&#8220;||||||||&#8220; header_2_font=&#8220;Cormorant Garamond||||||||&#8220; header_2_font_size=&#8220;40px&#8220; header_2_line_height=&#8220;1.4em&#8220; header_3_font=&#8220;||||||||&#8220; locked=&#8220;off&#8220; global_colors_info=&#8220;{}&#8220;]<\/p>\n<p>Das Zivilrecht ist eines der umfangreichsten Rechtsgebiete. Alle Privatklagen sind in diesem Bereich geregelt und erfordern die Beratung durch fachkundige Anw\u00e4lte.<\/p>\n<p>Oliver &amp; Abogados bietet Privatpersonen, Unternehmern und Unternehmen umfassende juristische Dienstleistungen an. Wir beraten unsere Kunden in allen zivilrechtlichen Angelegenheiten, die sich aus ihrer pers\u00f6nlichen, beruflichen oder gesch\u00e4ftlichen T\u00e4tigkeit ergeben, und verf\u00fcgen \u00fcber ein Team von Experten f\u00fcr zivilrechtliche Beratung und Prozessf\u00fchrung. <\/p>\n<p>[\/et_pb_text][\/et_pb_column][\/et_pb_row][\/et_pb_section][et_pb_section fb_built=&#8220;1&#8243; custom_padding_last_edited=&#8220;on|phone&#8220; _builder_version=&#8220;4.18.0&#8243; _module_preset=&#8220;default&#8220; custom_margin=&#8220;||-100px|||&#8220; custom_padding=&#8220;6px||100px||false|false&#8220; custom_padding_tablet=&#8220;6px||100px||false|false&#8220; custom_padding_phone=&#8220;6px||50px||false|false&#8220; global_colors_info=&#8220;{}&#8220;][et_pb_row column_structure=&#8220;1_2,1_2&#8243; _builder_version=&#8220;4.18.0&#8243; _module_preset=&#8220;default&#8220; global_colors_info=&#8220;{}&#8220;][et_pb_column type=&#8220;1_2&#8243; _builder_version=&#8220;4.18.0&#8243; _module_preset=&#8220;default&#8220; global_colors_info=&#8220;{}&#8220;][et_pb_text _builder_version=&#8220;4.19.0&#8243; text_font=&#8220;Karla||||||||&#8220; text_line_height=&#8220;1.8em&#8220; header_font=&#8220;||||||||&#8220; header_2_font=&#8220;Cormorant Garamond||||||||&#8220; header_2_font_size=&#8220;40px&#8220; header_2_line_height=&#8220;1.4em&#8220; header_3_font=&#8220;||||||||&#8220; custom_margin=&#8220;||14px|||&#8220; locked=&#8220;off&#8220; global_colors_info=&#8220;{}&#8220;]<\/p>\n<h2>Rechtsdienstleistungen in zivilrechtlichen Angelegenheiten<\/h2>\n<p>Bei Oliver &amp; Abogados bieten wir Unternehmen und Privatpersonen Beratung, Verteidigung und Fachberatung. Unser Team von Zivilrechtsexperten bietet folgende Dienstleistungen an:<\/p>\n<p>[\/et_pb_text][\/et_pb_column][et_pb_column type=&#8220;1_2&#8243; _builder_version=&#8220;4.18.0&#8243; _module_preset=&#8220;default&#8220; global_colors_info=&#8220;{}&#8220;][et_pb_blurb use_icon=&#8220;on&#8220; font_icon=&#8220;&#x52;||divi||400&#8243; icon_placement=&#8220;left&#8220; image_icon_width=&#8220;28px&#8220; _builder_version=&#8220;4.19.0&#8243; _module_preset=&#8220;default&#8220; custom_margin=&#8220;||22px|||&#8220; global_colors_info=&#8220;{}&#8220;]<\/p>\n<p>Beratung, Ausarbeitung und \u00dcberpr\u00fcfung von Vertr\u00e4gen.<\/p>\n<p>[\/et_pb_blurb][et_pb_blurb use_icon=&#8220;on&#8220; font_icon=&#8220;&#x52;||divi||400&#8243; icon_placement=&#8220;left&#8220; image_icon_width=&#8220;28px&#8220; _builder_version=&#8220;4.19.0&#8243; _module_preset=&#8220;default&#8220; custom_margin=&#8220;||22px|||&#8220; global_colors_info=&#8220;{}&#8220;]<\/p>\n<p>Zivilprozesse: Einreichung und Beantwortung von Klagen, Vorverhandlungen, Gerichtsverfahren und Einlegung von ordentlichen und au\u00dferordentlichen Rechtsmitteln gegen Urteile der Zivilgerichtsbarkeit.<\/p>\n<p>[\/et_pb_blurb][et_pb_blurb use_icon=&#8220;on&#8220; font_icon=&#8220;&#x52;||divi||400&#8243; icon_placement=&#8220;left&#8220; image_icon_width=&#8220;28px&#8220; _builder_version=&#8220;4.19.0&#8243; _module_preset=&#8220;default&#8220; custom_margin=&#8220;||22px|||&#8220; global_colors_info=&#8220;{}&#8220;]<\/p>\n<p>Vertretung und Verteidigung von Interessen vor Gerichten und Tribunalen bei allen Arten von vertraglichen Verpflichtungen aufgrund von Vertragsverletzungen, wie z. B. Klagen auf Betr\u00e4ge und Klagen wegen vollst\u00e4ndiger oder teilweiser Vertragsverletzung.<\/p>\n<p>[\/et_pb_blurb][et_pb_blurb use_icon=&#8220;on&#8220; font_icon=&#8220;&#x52;||divi||400&#8243; icon_placement=&#8220;left&#8220; image_icon_width=&#8220;28px&#8220; _builder_version=&#8220;4.19.0&#8243; _module_preset=&#8220;default&#8220; custom_margin=&#8220;||22px|||&#8220; global_colors_info=&#8220;{}&#8220;]<\/p>\n<p>Verhandlung und Vorbereitung von Rechtsdokumenten in Angelegenheiten, die sich aus dem Kauf und Verkauf von Immobilien, Mietvertr\u00e4gen usw ergeben.<\/p>\n<p>[\/et_pb_blurb][et_pb_blurb use_icon=&#8220;on&#8220; font_icon=&#8220;&#x52;||divi||400&#8243; icon_placement=&#8220;left&#8220; image_icon_width=&#8220;28px&#8220; _builder_version=&#8220;4.19.0&#8243; _module_preset=&#8220;default&#8220; custom_margin=&#8220;||22px|||&#8220; global_colors_info=&#8220;{}&#8220;]<\/p>\n<p>Beratung in allen Verfahrensarten im Zusammenhang mit letztwilligen Verf\u00fcgungen und Erbrecht, einschlie\u00dflich der gerichtlichen Geltendmachung von Erbrechten.<\/p>\n<p>[\/et_pb_blurb][\/et_pb_column][\/et_pb_row][\/et_pb_section][et_pb_section fb_built=&#8220;1&#8243; custom_padding_last_edited=&#8220;on|phone&#8220; admin_label=&#8220;Contact&#8220; _builder_version=&#8220;4.18.0&#8243; background_color=&#8220;#1b1b1b&#8220; use_background_color_gradient=&#8220;on&#8220; background_color_gradient_stops=&#8220;rgba(18,18,18,0.78) 1%|rgba(18,18,18,0.78) 99%&#8220; background_color_gradient_overlays_image=&#8220;on&#8220; background_color_gradient_start=&#8220;#121212&#8243; background_color_gradient_end=&#8220;rgba(18,18,18,0.8)&#8220; background_image=&#8220;https:\/\/oliverabogados.es\/wp-content\/uploads\/2022\/09\/Captura-de-Pantalla-2022-09-15-a-las-15.14.45.png&#8220; custom_margin=&#8220;100px||||false|false&#8220; custom_padding=&#8220;120px|0px|120px|0px|false|false&#8220; custom_padding_tablet=&#8220;120px|0px|120px|0px|false|false&#8220; custom_padding_phone=&#8220;50px||50px||false|false&#8220; global_colors_info=&#8220;{}&#8220;][et_pb_row column_structure=&#8220;1_2,1_2&#8243; _builder_version=&#8220;4.16&#8243; custom_padding=&#8220;27px|0px|0|0px&#8220; global_colors_info=&#8220;{}&#8220;][et_pb_column type=&#8220;1_2&#8243; _builder_version=&#8220;4.16&#8243; custom_padding=&#8220;|||&#8220; global_colors_info=&#8220;{}&#8220; custom_padding__hover=&#8220;|||&#8220;][et_pb_text _builder_version=&#8220;4.19.0&#8243; text_font=&#8220;Karla||||||||&#8220; text_text_color=&#8220;rgba(255,255,255,0.7)&#8220; text_line_height=&#8220;1.8em&#8220; header_font=&#8220;||||||||&#8220; header_2_font=&#8220;Cormorant Garamond||||||||&#8220; header_2_font_size=&#8220;40px&#8220; header_2_line_height=&#8220;1.4em&#8220; header_3_font=&#8220;||||||||&#8220; background_layout=&#8220;dark&#8220; max_width=&#8220;600px&#8220; locked=&#8220;off&#8220; global_colors_info=&#8220;{}&#8220;]<\/p>\n<h2>Kontaktiere uns<\/h2>\n<p>[\/et_pb_text][\/et_pb_column][et_pb_column type=&#8220;1_2&#8243; _builder_version=&#8220;4.16&#8243; custom_padding=&#8220;|||&#8220; global_colors_info=&#8220;{}&#8220; custom_padding__hover=&#8220;|||&#8220;][\/et_pb_column][\/et_pb_row][et_pb_row column_structure=&#8220;1_2,1_2&#8243; _builder_version=&#8220;4.16&#8243; custom_padding=&#8220;0|0px|27px|0px&#8220; global_colors_info=&#8220;{}&#8220;][et_pb_column type=&#8220;1_2&#8243; _builder_version=&#8220;4.16&#8243; custom_padding=&#8220;|||&#8220; global_colors_info=&#8220;{}&#8220; custom_padding__hover=&#8220;|||&#8220;][et_pb_text _builder_version=&#8220;4.19.0&#8243; text_font=&#8220;Karla||||||||&#8220; text_text_color=&#8220;rgba(255,255,255,0.7)&#8220; text_line_height=&#8220;1.8em&#8220; header_font=&#8220;||||||||&#8220; header_2_font=&#8220;Cormorant Garamond||||||||&#8220; header_2_font_size=&#8220;40px&#8220; header_2_line_height=&#8220;1.4em&#8220; header_3_font=&#8220;||||||||&#8220; background_layout=&#8220;dark&#8220; max_width=&#8220;600px&#8220; locked=&#8220;off&#8220; global_colors_info=&#8220;{}&#8220;]<\/p>\n<p>Bei privaten Klagen von Unternehmen und Privatpersonen ist die Beratung durch einen fachkundigen Zivilrechtsanwalt unerl\u00e4sslich. Z\u00f6gern Sie nicht, das Team von Oliver &amp; Abogados zu kontaktieren.<\/p>\n<p>[\/et_pb_text][\/et_pb_column][et_pb_column type=&#8220;1_2&#8243; _builder_version=&#8220;4.16&#8243; custom_padding=&#8220;|||&#8220; global_colors_info=&#8220;{}&#8220; custom_padding__hover=&#8220;|||&#8220;][et_pb_button button_url=&#8220;https:\/\/oliverabogados.es\/de\/kontakt\/&#8220; button_text=&#8220;Kontaktiere uns&#8220; button_alignment=&#8220;center&#8220; _builder_version=&#8220;4.19.0&#8243; custom_button=&#8220;on&#8220; button_text_size=&#8220;18px&#8220; button_text_color=&#8220;#FFFFFF&#8220; button_border_color=&#8220;#c2ab92&#8243; button_border_radius=&#8220;0px&#8220; button_letter_spacing=&#8220;2px&#8220; button_font=&#8220;Karla|700||on|||||&#8220; custom_padding=&#8220;10px||10px|&#8220; button_letter_spacing_hover=&#8220;2px&#8220; button_bg_color_hover=&#8220;rgba(0,0,0,0)&#8220; locked=&#8220;off&#8220; global_colors_info=&#8220;{}&#8220; button_text_size__hover_enabled=&#8220;off&#8220; button_one_text_size__hover_enabled=&#8220;off&#8220; button_two_text_size__hover_enabled=&#8220;off&#8220; button_text_color__hover_enabled=&#8220;off&#8220; button_one_text_color__hover_enabled=&#8220;off&#8220; button_two_text_color__hover_enabled=&#8220;off&#8220; button_border_width__hover_enabled=&#8220;off&#8220; button_one_border_width__hover_enabled=&#8220;off&#8220; button_two_border_width__hover_enabled=&#8220;off&#8220; button_border_color__hover_enabled=&#8220;off&#8220; button_one_border_color__hover_enabled=&#8220;off&#8220; button_two_border_color__hover_enabled=&#8220;off&#8220; button_border_radius__hover_enabled=&#8220;off&#8220; button_one_border_radius__hover_enabled=&#8220;off&#8220; button_two_border_radius__hover_enabled=&#8220;off&#8220; button_letter_spacing__hover_enabled=&#8220;on&#8220; button_letter_spacing__hover=&#8220;2px&#8220; button_one_letter_spacing__hover_enabled=&#8220;off&#8220; button_two_letter_spacing__hover_enabled=&#8220;off&#8220; button_bg_color__hover_enabled=&#8220;on&#8220; button_bg_color__hover=&#8220;rgba(0,0,0,0)&#8220; button_one_bg_color__hover_enabled=&#8220;off&#8220; button_two_bg_color__hover_enabled=&#8220;off&#8220;][\/et_pb_button][\/et_pb_column][\/et_pb_row][\/et_pb_section]<\/p>\n","protected":false},"excerpt":{"rendered":"<p>ZivilrechtFachanw\u00e4lte f\u00fcr ZivilrechtDas Zivilrecht ist eines der umfangreichsten Rechtsgebiete. Alle Privatklagen sind in diesem Bereich geregelt und erfordern die Beratung durch fachkundige Anw\u00e4lte. Oliver &amp; Abogados bietet Privatpersonen, Unternehmern und Unternehmen umfassende juristische Dienstleistungen an. Wir beraten unsere Kunden in allen zivilrechtlichen Angelegenheiten, die sich aus ihrer pers\u00f6nlichen, beruflichen oder gesch\u00e4ftlichen T\u00e4tigkeit ergeben, und verf\u00fcgen [&hellip;]<\/p>\n","protected":false},"author":5,"featured_media":0,"parent":0,"menu_order":0,"comment_status":"closed","ping_status":"closed","template":"","meta":{"_et_pb_use_builder":"on","_et_pb_old_content":"","_et_gb_content_width":"","footnotes":""},"class_list":["post-1188","page","type-page","status-publish","hentry"],"yoast_head":"<!-- This site is optimized with the Yoast SEO plugin v27.4 - https:\/\/yoast.com\/product\/yoast-seo-wordpress\/ -->\n<title>Oliver &amp; Abogados Zivilrecht<\/title>\n<meta name=\"description\" content=\"Bei Oliver &amp; Abogados bieten wir Privatpersonen, Gesch\u00e4ftsleuten und Unternehmen umfassende Rechtsdienstleistungen an.\" \/>\n<meta name=\"robots\" content=\"index, follow, max-snippet:-1, max-image-preview:large, max-video-preview:-1\" \/>\n<link rel=\"canonical\" href=\"https:\/\/oliverabogados.es\/de\/zivilrecht\/\" \/>\n<meta property=\"og:locale\" content=\"de_DE\" \/>\n<meta property=\"og:type\" content=\"article\" \/>\n<meta property=\"og:title\" content=\"Oliver &amp; Abogados Zivilrecht\" \/>\n<meta property=\"og:description\" content=\"Bei Oliver &amp; Abogados bieten wir Privatpersonen, Gesch\u00e4ftsleuten und Unternehmen umfassende Rechtsdienstleistungen an.\" \/>\n<meta property=\"og:url\" content=\"https:\/\/oliverabogados.es\/de\/zivilrecht\/\" \/>\n<meta property=\"og:site_name\" content=\"Oliver &amp; Abogados\" \/>\n<meta property=\"article:modified_time\" content=\"2022-11-16T20:49:53+00:00\" \/>\n<meta name=\"twitter:card\" content=\"summary_large_image\" \/>\n<meta name=\"twitter:label1\" content=\"Gesch\u00e4tzte Lesezeit\" \/>\n\t<meta name=\"twitter:data1\" content=\"3\u00a0Minuten\" \/>\n<script type=\"application\/ld+json\" class=\"yoast-schema-graph\">{\"@context\":\"https:\\\/\\\/schema.org\",\"@graph\":[{\"@type\":\"WebPage\",\"@id\":\"https:\\\/\\\/oliverabogados.es\\\/de\\\/zivilrecht\\\/\",\"url\":\"https:\\\/\\\/oliverabogados.es\\\/de\\\/zivilrecht\\\/\",\"name\":\"Oliver &amp; Abogados Zivilrecht\",\"isPartOf\":{\"@id\":\"https:\\\/\\\/oliverabogados.es\\\/#website\"},\"datePublished\":\"2022-11-11T18:05:22+00:00\",\"dateModified\":\"2022-11-16T20:49:53+00:00\",\"description\":\"Bei Oliver & Abogados bieten wir Privatpersonen, Gesch\u00e4ftsleuten und Unternehmen umfassende Rechtsdienstleistungen an.\",\"breadcrumb\":{\"@id\":\"https:\\\/\\\/oliverabogados.es\\\/de\\\/zivilrecht\\\/#breadcrumb\"},\"inLanguage\":\"de\",\"potentialAction\":[{\"@type\":\"ReadAction\",\"target\":[\"https:\\\/\\\/oliverabogados.es\\\/de\\\/zivilrecht\\\/\"]}]},{\"@type\":\"BreadcrumbList\",\"@id\":\"https:\\\/\\\/oliverabogados.es\\\/de\\\/zivilrecht\\\/#breadcrumb\",\"itemListElement\":[{\"@type\":\"ListItem\",\"position\":1,\"name\":\"Portada\",\"item\":\"https:\\\/\\\/oliverabogados.es\\\/de\\\/\"},{\"@type\":\"ListItem\",\"position\":2,\"name\":\"Zivilrecht\"}]},{\"@type\":\"WebSite\",\"@id\":\"https:\\\/\\\/oliverabogados.es\\\/#website\",\"url\":\"https:\\\/\\\/oliverabogados.es\\\/\",\"name\":\"Oliver &amp; Abogados\",\"description\":\"Especialistas en Derecho Penal\",\"potentialAction\":[{\"@type\":\"SearchAction\",\"target\":{\"@type\":\"EntryPoint\",\"urlTemplate\":\"https:\\\/\\\/oliverabogados.es\\\/?s={search_term_string}\"},\"query-input\":{\"@type\":\"PropertyValueSpecification\",\"valueRequired\":true,\"valueName\":\"search_term_string\"}}],\"inLanguage\":\"de\"}]}<\/script>\n<!-- \/ Yoast SEO plugin. -->","yoast_head_json":{"title":"Oliver &amp; Abogados Zivilrecht","description":"Bei Oliver & Abogados bieten wir Privatpersonen, Gesch\u00e4ftsleuten und Unternehmen umfassende Rechtsdienstleistungen an.","robots":{"index":"index","follow":"follow","max-snippet":"max-snippet:-1","max-image-preview":"max-image-preview:large","max-video-preview":"max-video-preview:-1"},"canonical":"https:\/\/oliverabogados.es\/de\/zivilrecht\/","og_locale":"de_DE","og_type":"article","og_title":"Oliver &amp; Abogados Zivilrecht","og_description":"Bei Oliver & Abogados bieten wir Privatpersonen, Gesch\u00e4ftsleuten und Unternehmen umfassende Rechtsdienstleistungen an.","og_url":"https:\/\/oliverabogados.es\/de\/zivilrecht\/","og_site_name":"Oliver &amp; Abogados","article_modified_time":"2022-11-16T20:49:53+00:00","twitter_card":"summary_large_image","twitter_misc":{"Gesch\u00e4tzte Lesezeit":"3\u00a0Minuten"},"schema":{"@context":"https:\/\/schema.org","@graph":[{"@type":"WebPage","@id":"https:\/\/oliverabogados.es\/de\/zivilrecht\/","url":"https:\/\/oliverabogados.es\/de\/zivilrecht\/","name":"Oliver &amp; Abogados Zivilrecht","isPartOf":{"@id":"https:\/\/oliverabogados.es\/#website"},"datePublished":"2022-11-11T18:05:22+00:00","dateModified":"2022-11-16T20:49:53+00:00","description":"Bei Oliver & Abogados bieten wir Privatpersonen, Gesch\u00e4ftsleuten und Unternehmen umfassende Rechtsdienstleistungen an.","breadcrumb":{"@id":"https:\/\/oliverabogados.es\/de\/zivilrecht\/#breadcrumb"},"inLanguage":"de","potentialAction":[{"@type":"ReadAction","target":["https:\/\/oliverabogados.es\/de\/zivilrecht\/"]}]},{"@type":"BreadcrumbList","@id":"https:\/\/oliverabogados.es\/de\/zivilrecht\/#breadcrumb","itemListElement":[{"@type":"ListItem","position":1,"name":"Portada","item":"https:\/\/oliverabogados.es\/de\/"},{"@type":"ListItem","position":2,"name":"Zivilrecht"}]},{"@type":"WebSite","@id":"https:\/\/oliverabogados.es\/#website","url":"https:\/\/oliverabogados.es\/","name":"Oliver &amp; Abogados","description":"Especialistas en Derecho Penal","potentialAction":[{"@type":"SearchAction","target":{"@type":"EntryPoint","urlTemplate":"https:\/\/oliverabogados.es\/?s={search_term_string}"},"query-input":{"@type":"PropertyValueSpecification","valueRequired":true,"valueName":"search_term_string"}}],"inLanguage":"de"}]}},"_links":{"self":[{"href":"https:\/\/oliverabogados.es\/de\/wp-json\/wp\/v2\/pages\/1188","targetHints":{"allow":["GET"]}}],"collection":[{"href":"https:\/\/oliverabogados.es\/de\/wp-json\/wp\/v2\/pages"}],"about":[{"href":"https:\/\/oliverabogados.es\/de\/wp-json\/wp\/v2\/types\/page"}],"author":[{"embeddable":true,"href":"https:\/\/oliverabogados.es\/de\/wp-json\/wp\/v2\/users\/5"}],"replies":[{"embeddable":true,"href":"https:\/\/oliverabogados.es\/de\/wp-json\/wp\/v2\/comments?post=1188"}],"version-history":[{"count":7,"href":"https:\/\/oliverabogados.es\/de\/wp-json\/wp\/v2\/pages\/1188\/revisions"}],"predecessor-version":[{"id":1268,"href":"https:\/\/oliverabogados.es\/de\/wp-json\/wp\/v2\/pages\/1188\/revisions\/1268"}],"wp:attachment":[{"href":"https:\/\/oliverabogados.es\/de\/wp-json\/wp\/v2\/media?parent=1188"}],"curies":[{"name":"wp","href":"https:\/\/api.w.org\/{rel}","templated":true}]}}