{"id":1200,"date":"2022-11-11T18:11:50","date_gmt":"2022-11-11T18:11:50","guid":{"rendered":"https:\/\/oliverabogados.es\/?page_id=1200"},"modified":"2022-11-16T20:51:27","modified_gmt":"2022-11-16T20:51:27","slug":"rechtsberatung-und-rechtsbeistand","status":"publish","type":"page","link":"https:\/\/oliverabogados.es\/de\/rechtsberatung-und-rechtsbeistand\/","title":{"rendered":"Rechtsberatung und Rechtsbeistand"},"content":{"rendered":"<p>[et_pb_section fb_built=&#8220;1&#8243; admin_label=&#8220;Hero Section&#8220; _builder_version=&#8220;4.19.0&#8243; background_color=&#8220;#1b1b1b&#8220; use_background_color_gradient=&#8220;on&#8220; background_color_gradient_stops=&#8220;#121212 0%|rgba(51,51,51,0.72) 0%&#8220; background_color_gradient_overlays_image=&#8220;on&#8220; background_color_gradient_start=&#8220;#121212&#8243; background_color_gradient_end=&#8220;rgba(18,18,18,0.8)&#8220; background_image=&#8220;https:\/\/oliverabogados.es\/wp-content\/uploads\/2022\/09\/sebastian-pichler-bAQH53VquTc-unsplash-min.jpg&#8220; custom_padding=&#8220;0|0px|0px|0px&#8220; locked=&#8220;off&#8220; global_colors_info=&#8220;{}&#8220;][et_pb_row _builder_version=&#8220;4.18.0&#8243; custom_padding=&#8220;0px|0|0px|&#8220; use_custom_width=&#8220;on&#8220; width_unit=&#8220;off&#8220; custom_width_percent=&#8220;100%&#8220; global_colors_info=&#8220;{}&#8220;][et_pb_column type=&#8220;4_4&#8243; _builder_version=&#8220;4.18.0&#8243; custom_padding=&#8220;120px||120px||false|false&#8220; custom_padding_tablet=&#8220;60px|10%|60px|10%&#8220; custom_padding_phone=&#8220;60px|10%|60px|10%&#8220; custom_padding_last_edited=&#8220;on|tablet&#8220; global_colors_info=&#8220;{}&#8220; padding_tablet=&#8220;60px|10%|60px|10%&#8220; padding_last_edited=&#8220;on|tablet&#8220; custom_padding__hover=&#8220;|||&#8220; padding_phone=&#8220;60px|10%|60px|10%&#8220;][et_pb_text _builder_version=&#8220;4.19.0&#8243; text_font=&#8220;Karla||||||||&#8220; text_text_color=&#8220;#FFFFFF&#8220; text_line_height=&#8220;1.8em&#8220; header_font=&#8220;Cormorant Garamond||||||||&#8220; header_text_align=&#8220;center&#8220; header_text_color=&#8220;#FFFFFF&#8220; header_font_size=&#8220;56px&#8220; header_line_height=&#8220;1.4em&#8220; header_2_font=&#8220;||||||||&#8220; header_3_font=&#8220;||||||||&#8220; text_orientation=&#8220;center&#8220; module_alignment=&#8220;center&#8220; header_font_size_tablet=&#8220;40px&#8220; header_font_size_phone=&#8220;&#8220; header_font_size_last_edited=&#8220;on|tablet&#8220; locked=&#8220;off&#8220; global_colors_info=&#8220;{}&#8220;]<\/p>\n<h1>Rechtsberatung und Rechtsbeistand<\/h1>\n<p>[\/et_pb_text][\/et_pb_column][\/et_pb_row][\/et_pb_section][et_pb_section fb_built=&#8220;1&#8243; custom_padding_last_edited=&#8220;on|phone&#8220; _builder_version=&#8220;4.18.0&#8243; _module_preset=&#8220;default&#8220; min_height=&#8220;495.3px&#8220; custom_margin=&#8220;||-22px|||&#8220; custom_padding=&#8220;100px||0px||false|false&#8220; custom_padding_tablet=&#8220;100px||55px||false|false&#8220; custom_padding_phone=&#8220;50px||50px||false|false&#8220; global_colors_info=&#8220;{}&#8220;][et_pb_row column_structure=&#8220;1_2,1_2&#8243; _builder_version=&#8220;4.18.0&#8243; _module_preset=&#8220;default&#8220; global_colors_info=&#8220;{}&#8220;][et_pb_column type=&#8220;1_2&#8243; _builder_version=&#8220;4.18.0&#8243; _module_preset=&#8220;default&#8220; global_colors_info=&#8220;{}&#8220;][et_pb_text _builder_version=&#8220;4.19.0&#8243; text_font=&#8220;Karla||||||||&#8220; text_line_height=&#8220;1.8em&#8220; header_font=&#8220;||||||||&#8220; header_2_font=&#8220;Cormorant Garamond||||||||&#8220; header_2_font_size=&#8220;40px&#8220; header_2_line_height=&#8220;1.4em&#8220; header_3_font=&#8220;||||||||&#8220; locked=&#8220;off&#8220; global_colors_info=&#8220;{}&#8220;]<\/p>\n<h2>Wir verteidigen und sch\u00fctzen Menschen und Unternehmen<\/h2>\n<p>Parallel zu den Gerichtsverfahren ist das Team von Oliver &amp; Abogados f\u00fcr den Schutz anderer Bed\u00fcrfnisse zust\u00e4ndig, die sich aus den Gerichtsverfahren selbst ergeben, wie z.B. der pers\u00f6nliche oder gesch\u00e4ftliche Ruf oder die Kontinuit\u00e4t der beruflichen, sozialen, finanziellen oder Bankaktivit\u00e4ten.<\/p>\n<p>[\/et_pb_text][\/et_pb_column][et_pb_column type=&#8220;1_2&#8243; _builder_version=&#8220;4.18.0&#8243; _module_preset=&#8220;default&#8220; global_colors_info=&#8220;{}&#8220;][et_pb_text _builder_version=&#8220;4.19.0&#8243; text_font=&#8220;Karla||||||||&#8220; text_line_height=&#8220;1.8em&#8220; header_font=&#8220;||||||||&#8220; header_2_font=&#8220;Cormorant Garamond||||||||&#8220; header_2_font_size=&#8220;40px&#8220; header_2_line_height=&#8220;1.4em&#8220; header_3_font=&#8220;||||||||&#8220; locked=&#8220;off&#8220; global_colors_info=&#8220;{}&#8220;]<\/p>\n<p>Diese Arten von Klagen umfassen unter anderem das Einreichen von Rechtsbehelfen vor den zust\u00e4ndigen Instanzen, damit keine wirtschaftlichen Blockaden die Aus\u00fcbung der T\u00e4tigkeit verhindern, die Aufforderung zum Erlass gerichtlicher Ma\u00dfnahmen zum sofortigen Schutz der T\u00e4tigkeit oder des Eigentums , oder das Einreichen von Gerichtsverfahren gegen Personen, die geheime Informationen \u00fcber das Verfahren an Dritte, wie beispielsweise die Medien, weitergegeben haben, wodurch der pers\u00f6nliche Ruf der betroffenen Partei gesch\u00e4digt wird.<\/p>\n<p>[\/et_pb_text][\/et_pb_column][\/et_pb_row][\/et_pb_section][et_pb_section fb_built=&#8220;1&#8243; custom_padding_last_edited=&#8220;on|phone&#8220; admin_label=&#8220;Contact&#8220; _builder_version=&#8220;4.18.0&#8243; background_color=&#8220;#1b1b1b&#8220; use_background_color_gradient=&#8220;on&#8220; background_color_gradient_stops=&#8220;rgba(18,18,18,0.78) 1%|rgba(18,18,18,0.78) 99%&#8220; background_color_gradient_overlays_image=&#8220;on&#8220; background_color_gradient_start=&#8220;#121212&#8243; background_color_gradient_end=&#8220;rgba(18,18,18,0.8)&#8220; background_image=&#8220;https:\/\/oliverabogados.es\/wp-content\/uploads\/2022\/09\/Captura-de-Pantalla-2022-09-15-a-las-15.14.45.png&#8220; min_height=&#8220;461.2px&#8220; custom_margin=&#8220;100px||||false|false&#8220; custom_padding=&#8220;120px|0px|120px|0px|false|false&#8220; custom_padding_tablet=&#8220;120px|0px|120px|0px|false|false&#8220; custom_padding_phone=&#8220;50px||50px||false|false&#8220; global_colors_info=&#8220;{}&#8220;][et_pb_row column_structure=&#8220;1_2,1_2&#8243; _builder_version=&#8220;4.16&#8243; custom_padding=&#8220;27px|0px|0|0px&#8220; global_colors_info=&#8220;{}&#8220;][et_pb_column type=&#8220;1_2&#8243; _builder_version=&#8220;4.16&#8243; custom_padding=&#8220;|||&#8220; global_colors_info=&#8220;{}&#8220; custom_padding__hover=&#8220;|||&#8220;][et_pb_text _builder_version=&#8220;4.19.0&#8243; text_font=&#8220;Karla||||||||&#8220; text_text_color=&#8220;rgba(255,255,255,0.7)&#8220; text_line_height=&#8220;1.8em&#8220; header_font=&#8220;||||||||&#8220; header_2_font=&#8220;Cormorant Garamond||||||||&#8220; header_2_font_size=&#8220;40px&#8220; header_2_line_height=&#8220;1.4em&#8220; header_3_font=&#8220;||||||||&#8220; background_layout=&#8220;dark&#8220; max_width=&#8220;600px&#8220; locked=&#8220;off&#8220; global_colors_info=&#8220;{}&#8220;]<\/p>\n<h2>Kontaktiere uns<\/h2>\n<p>[\/et_pb_text][\/et_pb_column][et_pb_column type=&#8220;1_2&#8243; _builder_version=&#8220;4.16&#8243; custom_padding=&#8220;|||&#8220; global_colors_info=&#8220;{}&#8220; custom_padding__hover=&#8220;|||&#8220;][\/et_pb_column][\/et_pb_row][et_pb_row column_structure=&#8220;1_2,1_2&#8243; _builder_version=&#8220;4.16&#8243; custom_padding=&#8220;0|0px|27px|0px&#8220; global_colors_info=&#8220;{}&#8220;][et_pb_column type=&#8220;1_2&#8243; _builder_version=&#8220;4.16&#8243; custom_padding=&#8220;|||&#8220; global_colors_info=&#8220;{}&#8220; custom_padding__hover=&#8220;|||&#8220;][et_pb_text _builder_version=&#8220;4.19.0&#8243; text_font=&#8220;Karla||||||||&#8220; text_text_color=&#8220;rgba(255,255,255,0.7)&#8220; text_line_height=&#8220;1.8em&#8220; header_font=&#8220;||||||||&#8220; header_2_font=&#8220;Cormorant Garamond||||||||&#8220; header_2_font_size=&#8220;40px&#8220; header_2_line_height=&#8220;1.4em&#8220; header_3_font=&#8220;||||||||&#8220; background_layout=&#8220;dark&#8220; max_width=&#8220;600px&#8220; locked=&#8220;off&#8220; global_colors_info=&#8220;{}&#8220;]<\/p>\n<p>Wir von Oliver &amp; Abogados sorgen uns um die Kontinuit\u00e4t Ihrer beruflichen und wirtschaftlichen T\u00e4tigkeit und stellen sicher, dass das Verfahrensgeheimnis gewahrt bleibt.<\/p>\n<p>[\/et_pb_text][\/et_pb_column][et_pb_column type=&#8220;1_2&#8243; _builder_version=&#8220;4.16&#8243; custom_padding=&#8220;|||&#8220; global_colors_info=&#8220;{}&#8220; custom_padding__hover=&#8220;|||&#8220;][et_pb_button button_url=&#8220;https:\/\/oliverabogados.es\/de\/kontakt\/&#8220; button_text=&#8220;Kontaktiere uns&#8220; button_alignment=&#8220;center&#8220; _builder_version=&#8220;4.19.0&#8243; custom_button=&#8220;on&#8220; button_text_size=&#8220;18px&#8220; button_text_color=&#8220;#FFFFFF&#8220; button_border_color=&#8220;#c2ab92&#8243; button_border_radius=&#8220;0px&#8220; button_letter_spacing=&#8220;2px&#8220; button_font=&#8220;Karla|700||on|||||&#8220; custom_padding=&#8220;10px||10px|&#8220; button_letter_spacing_hover=&#8220;2px&#8220; button_bg_color_hover=&#8220;rgba(0,0,0,0)&#8220; locked=&#8220;off&#8220; global_colors_info=&#8220;{}&#8220; button_text_size__hover_enabled=&#8220;off&#8220; button_one_text_size__hover_enabled=&#8220;off&#8220; button_two_text_size__hover_enabled=&#8220;off&#8220; button_text_color__hover_enabled=&#8220;off&#8220; button_one_text_color__hover_enabled=&#8220;off&#8220; button_two_text_color__hover_enabled=&#8220;off&#8220; button_border_width__hover_enabled=&#8220;off&#8220; button_one_border_width__hover_enabled=&#8220;off&#8220; button_two_border_width__hover_enabled=&#8220;off&#8220; button_border_color__hover_enabled=&#8220;off&#8220; button_one_border_color__hover_enabled=&#8220;off&#8220; button_two_border_color__hover_enabled=&#8220;off&#8220; button_border_radius__hover_enabled=&#8220;off&#8220; button_one_border_radius__hover_enabled=&#8220;off&#8220; button_two_border_radius__hover_enabled=&#8220;off&#8220; button_letter_spacing__hover_enabled=&#8220;on&#8220; button_letter_spacing__hover=&#8220;2px&#8220; button_one_letter_spacing__hover_enabled=&#8220;off&#8220; button_two_letter_spacing__hover_enabled=&#8220;off&#8220; button_bg_color__hover_enabled=&#8220;on&#8220; button_bg_color__hover=&#8220;rgba(0,0,0,0)&#8220; button_one_bg_color__hover_enabled=&#8220;off&#8220; button_two_bg_color__hover_enabled=&#8220;off&#8220;][\/et_pb_button][\/et_pb_column][\/et_pb_row][\/et_pb_section]<\/p>\n","protected":false},"excerpt":{"rendered":"<p>Rechtsberatung und RechtsbeistandWir verteidigen und sch\u00fctzen Menschen und Unternehmen Parallel zu den Gerichtsverfahren ist das Team von Oliver &amp; Abogados f\u00fcr den Schutz anderer Bed\u00fcrfnisse zust\u00e4ndig, die sich aus den Gerichtsverfahren selbst ergeben, wie z.B. der pers\u00f6nliche oder gesch\u00e4ftliche Ruf oder die Kontinuit\u00e4t der beruflichen, sozialen, finanziellen oder Bankaktivit\u00e4ten.Diese Arten von Klagen umfassen unter anderem [&hellip;]<\/p>\n","protected":false},"author":5,"featured_media":0,"parent":0,"menu_order":0,"comment_status":"closed","ping_status":"closed","template":"","meta":{"_et_pb_use_builder":"on","_et_pb_old_content":"","_et_gb_content_width":"","footnotes":""},"class_list":["post-1200","page","type-page","status-publish","hentry"],"yoast_head":"<!-- This site is optimized with the Yoast SEO plugin v27.4 - https:\/\/yoast.com\/product\/yoast-seo-wordpress\/ -->\n<title>Oliver &amp; Abogados Rechtsberatung und Rechtsbeistand<\/title>\n<meta name=\"description\" content=\"Rechtsberatung in Bezug auf das pers\u00f6nliche oder gesch\u00e4ftliche Ansehen und die Kontinuit\u00e4t der beruflichen, sozialen, finanziellen oder Bankt\u00e4tigkeit.\" \/>\n<meta name=\"robots\" content=\"index, follow, max-snippet:-1, max-image-preview:large, max-video-preview:-1\" \/>\n<link rel=\"canonical\" href=\"https:\/\/oliverabogados.es\/de\/rechtsberatung-und-rechtsbeistand\/\" \/>\n<meta property=\"og:locale\" content=\"de_DE\" \/>\n<meta property=\"og:type\" content=\"article\" \/>\n<meta property=\"og:title\" content=\"Oliver &amp; Abogados Rechtsberatung und Rechtsbeistand\" \/>\n<meta property=\"og:description\" content=\"Rechtsberatung in Bezug auf das pers\u00f6nliche oder gesch\u00e4ftliche Ansehen und die Kontinuit\u00e4t der beruflichen, sozialen, finanziellen oder Bankt\u00e4tigkeit.\" \/>\n<meta property=\"og:url\" content=\"https:\/\/oliverabogados.es\/de\/rechtsberatung-und-rechtsbeistand\/\" \/>\n<meta property=\"og:site_name\" content=\"Oliver &amp; Abogados\" \/>\n<meta property=\"article:modified_time\" content=\"2022-11-16T20:51:27+00:00\" \/>\n<meta name=\"twitter:card\" content=\"summary_large_image\" \/>\n<meta name=\"twitter:label1\" content=\"Gesch\u00e4tzte Lesezeit\" \/>\n\t<meta name=\"twitter:data1\" content=\"2\u00a0Minuten\" \/>\n<script type=\"application\/ld+json\" class=\"yoast-schema-graph\">{\"@context\":\"https:\\\/\\\/schema.org\",\"@graph\":[{\"@type\":\"WebPage\",\"@id\":\"https:\\\/\\\/oliverabogados.es\\\/de\\\/rechtsberatung-und-rechtsbeistand\\\/\",\"url\":\"https:\\\/\\\/oliverabogados.es\\\/de\\\/rechtsberatung-und-rechtsbeistand\\\/\",\"name\":\"Oliver &amp; Abogados Rechtsberatung und Rechtsbeistand\",\"isPartOf\":{\"@id\":\"https:\\\/\\\/oliverabogados.es\\\/#website\"},\"datePublished\":\"2022-11-11T18:11:50+00:00\",\"dateModified\":\"2022-11-16T20:51:27+00:00\",\"description\":\"Rechtsberatung in Bezug auf das pers\u00f6nliche oder gesch\u00e4ftliche Ansehen und die Kontinuit\u00e4t der beruflichen, sozialen, finanziellen oder Bankt\u00e4tigkeit.\",\"breadcrumb\":{\"@id\":\"https:\\\/\\\/oliverabogados.es\\\/de\\\/rechtsberatung-und-rechtsbeistand\\\/#breadcrumb\"},\"inLanguage\":\"de\",\"potentialAction\":[{\"@type\":\"ReadAction\",\"target\":[\"https:\\\/\\\/oliverabogados.es\\\/de\\\/rechtsberatung-und-rechtsbeistand\\\/\"]}]},{\"@type\":\"BreadcrumbList\",\"@id\":\"https:\\\/\\\/oliverabogados.es\\\/de\\\/rechtsberatung-und-rechtsbeistand\\\/#breadcrumb\",\"itemListElement\":[{\"@type\":\"ListItem\",\"position\":1,\"name\":\"Portada\",\"item\":\"https:\\\/\\\/oliverabogados.es\\\/de\\\/\"},{\"@type\":\"ListItem\",\"position\":2,\"name\":\"Rechtsberatung und Rechtsbeistand\"}]},{\"@type\":\"WebSite\",\"@id\":\"https:\\\/\\\/oliverabogados.es\\\/#website\",\"url\":\"https:\\\/\\\/oliverabogados.es\\\/\",\"name\":\"Oliver &amp; Abogados\",\"description\":\"Especialistas en Derecho Penal\",\"potentialAction\":[{\"@type\":\"SearchAction\",\"target\":{\"@type\":\"EntryPoint\",\"urlTemplate\":\"https:\\\/\\\/oliverabogados.es\\\/?s={search_term_string}\"},\"query-input\":{\"@type\":\"PropertyValueSpecification\",\"valueRequired\":true,\"valueName\":\"search_term_string\"}}],\"inLanguage\":\"de\"}]}<\/script>\n<!-- \/ Yoast SEO plugin. -->","yoast_head_json":{"title":"Oliver &amp; Abogados Rechtsberatung und Rechtsbeistand","description":"Rechtsberatung in Bezug auf das pers\u00f6nliche oder gesch\u00e4ftliche Ansehen und die Kontinuit\u00e4t der beruflichen, sozialen, finanziellen oder Bankt\u00e4tigkeit.","robots":{"index":"index","follow":"follow","max-snippet":"max-snippet:-1","max-image-preview":"max-image-preview:large","max-video-preview":"max-video-preview:-1"},"canonical":"https:\/\/oliverabogados.es\/de\/rechtsberatung-und-rechtsbeistand\/","og_locale":"de_DE","og_type":"article","og_title":"Oliver &amp; Abogados Rechtsberatung und Rechtsbeistand","og_description":"Rechtsberatung in Bezug auf das pers\u00f6nliche oder gesch\u00e4ftliche Ansehen und die Kontinuit\u00e4t der beruflichen, sozialen, finanziellen oder Bankt\u00e4tigkeit.","og_url":"https:\/\/oliverabogados.es\/de\/rechtsberatung-und-rechtsbeistand\/","og_site_name":"Oliver &amp; Abogados","article_modified_time":"2022-11-16T20:51:27+00:00","twitter_card":"summary_large_image","twitter_misc":{"Gesch\u00e4tzte Lesezeit":"2\u00a0Minuten"},"schema":{"@context":"https:\/\/schema.org","@graph":[{"@type":"WebPage","@id":"https:\/\/oliverabogados.es\/de\/rechtsberatung-und-rechtsbeistand\/","url":"https:\/\/oliverabogados.es\/de\/rechtsberatung-und-rechtsbeistand\/","name":"Oliver &amp; Abogados Rechtsberatung und Rechtsbeistand","isPartOf":{"@id":"https:\/\/oliverabogados.es\/#website"},"datePublished":"2022-11-11T18:11:50+00:00","dateModified":"2022-11-16T20:51:27+00:00","description":"Rechtsberatung in Bezug auf das pers\u00f6nliche oder gesch\u00e4ftliche Ansehen und die Kontinuit\u00e4t der beruflichen, sozialen, finanziellen oder Bankt\u00e4tigkeit.","breadcrumb":{"@id":"https:\/\/oliverabogados.es\/de\/rechtsberatung-und-rechtsbeistand\/#breadcrumb"},"inLanguage":"de","potentialAction":[{"@type":"ReadAction","target":["https:\/\/oliverabogados.es\/de\/rechtsberatung-und-rechtsbeistand\/"]}]},{"@type":"BreadcrumbList","@id":"https:\/\/oliverabogados.es\/de\/rechtsberatung-und-rechtsbeistand\/#breadcrumb","itemListElement":[{"@type":"ListItem","position":1,"name":"Portada","item":"https:\/\/oliverabogados.es\/de\/"},{"@type":"ListItem","position":2,"name":"Rechtsberatung und Rechtsbeistand"}]},{"@type":"WebSite","@id":"https:\/\/oliverabogados.es\/#website","url":"https:\/\/oliverabogados.es\/","name":"Oliver &amp; Abogados","description":"Especialistas en Derecho Penal","potentialAction":[{"@type":"SearchAction","target":{"@type":"EntryPoint","urlTemplate":"https:\/\/oliverabogados.es\/?s={search_term_string}"},"query-input":{"@type":"PropertyValueSpecification","valueRequired":true,"valueName":"search_term_string"}}],"inLanguage":"de"}]}},"_links":{"self":[{"href":"https:\/\/oliverabogados.es\/de\/wp-json\/wp\/v2\/pages\/1200","targetHints":{"allow":["GET"]}}],"collection":[{"href":"https:\/\/oliverabogados.es\/de\/wp-json\/wp\/v2\/pages"}],"about":[{"href":"https:\/\/oliverabogados.es\/de\/wp-json\/wp\/v2\/types\/page"}],"author":[{"embeddable":true,"href":"https:\/\/oliverabogados.es\/de\/wp-json\/wp\/v2\/users\/5"}],"replies":[{"embeddable":true,"href":"https:\/\/oliverabogados.es\/de\/wp-json\/wp\/v2\/comments?post=1200"}],"version-history":[{"count":7,"href":"https:\/\/oliverabogados.es\/de\/wp-json\/wp\/v2\/pages\/1200\/revisions"}],"predecessor-version":[{"id":1269,"href":"https:\/\/oliverabogados.es\/de\/wp-json\/wp\/v2\/pages\/1200\/revisions\/1269"}],"wp:attachment":[{"href":"https:\/\/oliverabogados.es\/de\/wp-json\/wp\/v2\/media?parent=1200"}],"curies":[{"name":"wp","href":"https:\/\/api.w.org\/{rel}","templated":true}]}}