{"id":1208,"date":"2022-11-11T18:38:17","date_gmt":"2022-11-11T18:38:17","guid":{"rendered":"https:\/\/oliverabogados.es\/?page_id=1208"},"modified":"2022-11-16T20:36:49","modified_gmt":"2022-11-16T20:36:49","slug":"beratungsfelder","status":"publish","type":"page","link":"https:\/\/oliverabogados.es\/de\/beratungsfelder\/","title":{"rendered":"Beratungsfelder"},"content":{"rendered":"<p>[et_pb_section fb_built=&#8220;1&#8243; fullwidth=&#8220;on&#8220; _builder_version=&#8220;4.19.0&#8243; _module_preset=&#8220;default&#8220; global_colors_info=&#8220;{}&#8220;][et_pb_fullwidth_slider _builder_version=&#8220;4.19.0&#8243; _module_preset=&#8220;default&#8220; body_font=&#8220;Karla||||||||&#8220; hover_enabled=&#8220;0&#8243; global_colors_info=&#8220;{}&#8220; sticky_enabled=&#8220;0&#8243;][et_pb_slide heading=&#8220;Beratungsfelder&#8220; button_link=&#8220;https:\/\/oliverabogados.es\/contacto\/&#8220; _builder_version=&#8220;4.19.0&#8243; _module_preset=&#8220;default&#8220; header_level=&#8220;h1&#8243; header_font=&#8220;|700|||||||&#8220; header_font_size=&#8220;56px&#8220; background_enable_color=&#8220;off&#8220; use_background_color_gradient=&#8220;on&#8220; background_color_gradient_stops=&#8220;rgba(51,51,51,0.72) 5%|rgba(51,51,51,0.73) 69%&#8220; background_color_gradient_overlays_image=&#8220;on&#8220; background_image=&#8220;https:\/\/oliverabogados.es\/wp-content\/uploads\/2022\/09\/Captura-de-Pantalla-2022-09-21-a-las-20.21.07.png&#8220; background_enable_image=&#8220;on&#8220; hover_enabled=&#8220;0&#8243; global_colors_info=&#8220;{}&#8220; sticky_transition=&#8220;on&#8220; sticky_enabled=&#8220;0&#8243;][\/et_pb_slide][\/et_pb_fullwidth_slider][\/et_pb_section][et_pb_section fb_built=&#8220;1&#8243; custom_padding_last_edited=&#8220;on|phone&#8220; admin_label=&#8220;Service Section&#8220; _builder_version=&#8220;4.18.0&#8243; custom_padding=&#8220;110px||110px|&#8220; custom_padding_tablet=&#8220;110px||110px|&#8220; custom_padding_phone=&#8220;50px||50px||false|false&#8220; global_colors_info=&#8220;{}&#8220;][et_pb_row column_structure=&#8220;1_3,1_3,1_3&#8243; admin_label=&#8220;Service Area&#8220; _builder_version=&#8220;4.18.0&#8243; global_colors_info=&#8220;{}&#8220;][et_pb_column type=&#8220;1_3&#8243; _builder_version=&#8220;4.16&#8243; custom_padding=&#8220;|||&#8220; global_colors_info=&#8220;{}&#8220; custom_padding__hover=&#8220;|||&#8220;][et_pb_blurb title=&#8220;Wirtschafts- und Unternehmensstrafrecht&#8220; url=&#8220;https:\/\/oliverabogados.es\/de\/wirtschafts-und-unternehmensstrafrecht\/&#8220; use_icon=&#8220;on&#8220; font_icon=&#8220;&#xf0e3;||fa||900&#8243; icon_color=&#8220;#c2ab92&#8243; image_icon_width=&#8220;42px&#8220; content_max_width=&#8220;400px&#8220; _builder_version=&#8220;4.19.0&#8243; header_font=&#8220;||||||||&#8220; header_font_size=&#8220;31px&#8220; header_line_height=&#8220;1.4em&#8220; body_font=&#8220;||||||||&#8220; body_font_size=&#8220;16px&#8220; body_line_height=&#8220;2em&#8220; text_orientation=&#8220;center&#8220; animation_style=&#8220;fade&#8220; icon_font_size=&#8220;42px&#8220; global_colors_info=&#8220;{}&#8220;]<\/p>\n<p>Wir verfolgen und verteidigen in hochkomplexen Strafverfahren, insbesondere im Wirtschafts- und Unternehmensbereich, in ganz Spanien. Wir verf\u00fcgen \u00fcber langj\u00e4hrige Erfahrung in Verfahren vor dem Obersten Gerichtshof und in Verfahren, an denen die Staatsanwaltschaft f\u00fcr Korruptionsbek\u00e4mpfung und die auf Wirtschaftskriminalit\u00e4t spezialisierten Abteilungen der Staatsanwaltschaft beteiligt sind.<\/p>\n<p>[\/et_pb_blurb][\/et_pb_column][et_pb_column type=&#8220;1_3&#8243; _builder_version=&#8220;4.16&#8243; custom_padding=&#8220;|||&#8220; global_colors_info=&#8220;{}&#8220; custom_padding__hover=&#8220;|||&#8220;][et_pb_blurb title=&#8220;Auslieferungen und Europ\u00e4ische Haftbefehle und \u00dcbergaben&#8220; url=&#8220;https:\/\/oliverabogados.es\/de\/auslieferungen-und-europaeische-haftbefehle-und-uebergaben\/&#8220; use_icon=&#8220;on&#8220; font_icon=&#8220;&#xf57d;||fa||900&#8243; icon_color=&#8220;#c2ab92&#8243; image_icon_width=&#8220;42px&#8220; content_max_width=&#8220;400px&#8220; _builder_version=&#8220;4.19.0&#8243; header_font=&#8220;||||||||&#8220; header_font_size=&#8220;31px&#8220; header_line_height=&#8220;1.4em&#8220; body_font=&#8220;||||||||&#8220; body_font_size=&#8220;16px&#8220; body_line_height=&#8220;2em&#8220; text_orientation=&#8220;center&#8220; animation_style=&#8220;fade&#8220; icon_font_size=&#8220;42px&#8220; global_colors_info=&#8220;{}&#8220;]<\/p>\n<p>Wir verf\u00fcgen \u00fcber ein Team von Anw\u00e4lten mit umfassender Erfahrung in Auslieferungsverfahren und Europ\u00e4ischen Haftbefehlen und \u00dcbergabebefehlen. Wir decken sowohl die Verteidigung im ersuchten Land, Spanien, als auch im ersuchenden Land ab und bieten dem Klienten globale Unterst\u00fctzung.<\/p>\n<p>[\/et_pb_blurb][\/et_pb_column][et_pb_column type=&#8220;1_3&#8243; _builder_version=&#8220;4.16&#8243; custom_padding=&#8220;|||&#8220; global_colors_info=&#8220;{}&#8220; custom_padding__hover=&#8220;|||&#8220;][et_pb_blurb title=&#8220;Einhaltung der Vorschriften&#8220; url=&#8220;https:\/\/oliverabogados.es\/de\/einhaltung-der-vorschriften\/&#8220; use_icon=&#8220;on&#8220; font_icon=&#8220;&#xf1ad;||fa||900&#8243; icon_color=&#8220;#c2ab92&#8243; image_icon_width=&#8220;42px&#8220; content_max_width=&#8220;400px&#8220; _builder_version=&#8220;4.19.0&#8243; header_font=&#8220;||||||||&#8220; header_font_size=&#8220;31px&#8220; header_line_height=&#8220;1.4em&#8220; body_font=&#8220;||||||||&#8220; body_font_size=&#8220;16px&#8220; body_line_height=&#8220;2em&#8220; text_orientation=&#8220;center&#8220; animation_style=&#8220;fade&#8220; icon_font_size=&#8220;42px&#8220; global_colors_info=&#8220;{}&#8220;]<\/p>\n<p>Wir konzipieren und implementieren Compliance-Programme sowie interne Untersuchungsprogramme, die f\u00fcr jede Art von Unternehmen geeignet sind, unabh\u00e4ngig von Gr\u00f6\u00dfe und Branche.<\/p>\n<p>[\/et_pb_blurb][\/et_pb_column][\/et_pb_row][et_pb_row column_structure=&#8220;1_3,1_3,1_3&#8243; admin_label=&#8220;Service Area&#8220; _builder_version=&#8220;4.16&#8243; global_colors_info=&#8220;{}&#8220;][et_pb_column type=&#8220;1_3&#8243; _builder_version=&#8220;4.16&#8243; custom_padding=&#8220;|||&#8220; global_colors_info=&#8220;{}&#8220; custom_padding__hover=&#8220;|||&#8220;][et_pb_blurb title=&#8220;Handelsrecht&#8220; url=&#8220;https:\/\/oliverabogados.es\/de\/rechtsanwaelte-handelsrecht\/&#8220; use_icon=&#8220;on&#8220; font_icon=&#8220;&#xf2b5;||fa||900&#8243; icon_color=&#8220;#c2ab92&#8243; image_icon_width=&#8220;42px&#8220; content_max_width=&#8220;400px&#8220; _builder_version=&#8220;4.19.0&#8243; header_font=&#8220;||||||||&#8220; header_font_size=&#8220;31px&#8220; header_line_height=&#8220;1.4em&#8220; body_font=&#8220;||||||||&#8220; body_font_size=&#8220;16px&#8220; body_line_height=&#8220;2em&#8220; text_orientation=&#8220;center&#8220; animation_style=&#8220;fade&#8220; icon_font_size=&#8220;42px&#8220; global_colors_info=&#8220;{}&#8220;]<\/p>\n<p>Wir beraten und vertreten nationale und internationale Unternehmen, Konzerne, private und \u00f6ffentliche Verb\u00e4nde und Finanzinstitute in allen Aspekten ihres Unternehmenslebens.<\/p>\n<p>[\/et_pb_blurb][\/et_pb_column][et_pb_column type=&#8220;1_3&#8243; _builder_version=&#8220;4.16&#8243; custom_padding=&#8220;|||&#8220; global_colors_info=&#8220;{}&#8220; custom_padding__hover=&#8220;|||&#8220;][et_pb_blurb title=&#8220;Zivilrecht&#8220; url=&#8220;https:\/\/oliverabogados.es\/de\/zivilrecht\/&#8220; use_icon=&#8220;on&#8220; font_icon=&#8220;&#xe085;||divi||400&#8243; icon_color=&#8220;#c2ab92&#8243; image_icon_width=&#8220;42px&#8220; content_max_width=&#8220;400px&#8220; _builder_version=&#8220;4.19.0&#8243; header_font=&#8220;||||||||&#8220; header_font_size=&#8220;31px&#8220; header_line_height=&#8220;1.4em&#8220; body_font=&#8220;||||||||&#8220; body_font_size=&#8220;16px&#8220; body_line_height=&#8220;2em&#8220; text_orientation=&#8220;center&#8220; animation_style=&#8220;fade&#8220; icon_font_size=&#8220;42px&#8220; global_colors_info=&#8220;{}&#8220;]<\/p>\n<p>Oliver &amp; Abogados bietet juristische Dienstleistungen f\u00fcr Privatpersonen, Unternehmer und Unternehmen an. Wir beraten unsere Kunden in allen zivilrechtlichen Angelegenheiten, die sich aus ihrer pers\u00f6nlichen, beruflichen oder gesch\u00e4ftlichen T\u00e4tigkeit ergeben, und verf\u00fcgen \u00fcber ein Team von Experten f\u00fcr zivilrechtliche Beratung und Prozessf\u00fchrung.<\/p>\n<p>[\/et_pb_blurb][\/et_pb_column][et_pb_column type=&#8220;1_3&#8243; _builder_version=&#8220;4.18.0&#8243; _module_preset=&#8220;default&#8220; global_colors_info=&#8220;{}&#8220;][et_pb_blurb title=&#8220;Rechtsberatung und Rechtsbeistand&#8220; url=&#8220;https:\/\/oliverabogados.es\/de\/rechtsberatung-und-rechtsbeistand\/&#8220; use_icon=&#8220;on&#8220; font_icon=&#8220;&#xf24e;||fa||900&#8243; icon_color=&#8220;#c2ab92&#8243; image_icon_width=&#8220;42px&#8220; content_max_width=&#8220;400px&#8220; _builder_version=&#8220;4.19.0&#8243; header_font=&#8220;||||||||&#8220; header_font_size=&#8220;31px&#8220; header_line_height=&#8220;1.4em&#8220; body_font=&#8220;||||||||&#8220; body_font_size=&#8220;16px&#8220; body_line_height=&#8220;2em&#8220; text_orientation=&#8220;center&#8220; animation_style=&#8220;fade&#8220; icon_font_size=&#8220;42px&#8220; global_colors_info=&#8220;{}&#8220;]<\/p>\n<p>Wir sind spezialisiert auf das umfassende Management von unternehmerischen und pers\u00f6nlichen Rechtsfragen, bei denen neben der juristischen Komponente weitere besondere Umst\u00e4nde hinzukommen, seien es wirtschaftliche, mediale oder reputationsbezogene.<\/p>\n<p>[\/et_pb_blurb][\/et_pb_column][\/et_pb_row][\/et_pb_section][et_pb_section fb_built=&#8220;1&#8243; custom_padding_last_edited=&#8220;on|phone&#8220; admin_label=&#8220;Contact&#8220; _builder_version=&#8220;4.18.0&#8243; background_color=&#8220;#1b1b1b&#8220; custom_padding=&#8220;120px|0px|120px|0px|false|false&#8220; custom_padding_tablet=&#8220;120px|0px|120px|0px|false|false&#8220; custom_padding_phone=&#8220;50px||50px||false|false&#8220; saved_tabs=&#8220;all&#8220; global_colors_info=&#8220;{}&#8220;][et_pb_row column_structure=&#8220;1_2,1_2&#8243; _builder_version=&#8220;4.16&#8243; global_colors_info=&#8220;{}&#8220;][et_pb_column type=&#8220;1_2&#8243; _builder_version=&#8220;4.16&#8243; custom_padding=&#8220;|||&#8220; global_colors_info=&#8220;{}&#8220; custom_padding__hover=&#8220;|||&#8220;][et_pb_text _builder_version=&#8220;4.19.0&#8243; text_font=&#8220;Karla||||||||&#8220; text_text_color=&#8220;rgba(255,255,255,0.7)&#8220; text_line_height=&#8220;1.8em&#8220; header_font=&#8220;||||||||&#8220; header_2_font=&#8220;Cormorant Garamond||||||||&#8220; header_2_font_size=&#8220;40px&#8220; header_2_line_height=&#8220;1.4em&#8220; header_3_font=&#8220;||||||||&#8220; background_layout=&#8220;dark&#8220; max_width=&#8220;600px&#8220; locked=&#8220;off&#8220; global_colors_info=&#8220;{}&#8220;]<\/p>\n<h2>Kontaktiere uns<\/h2>\n<p>Unsere Priorit\u00e4t ist es, auf die Bed\u00fcrfnisse unserer Kunden einzugehen, um ihnen einen ma\u00dfgeschneiderten Service zu bieten. Setzen Sie sich mit uns in Verbindung, indem Sie das Formular ausf\u00fcllen, oder nutzen Sie die folgenden M\u00f6glichkeiten, und wir werden uns so schnell wie m\u00f6glich mit Ihnen in Verbindung setzen.<\/p>\n<p><strong>oliver@oliverabogados.es<\/strong><br \/><strong>Calle de Orfila, N\u00famero 8, 1A, 28010, Madrid<\/strong><br \/><strong>+34 910 57 03 24<\/strong><\/p>\n<p>[\/et_pb_text][\/et_pb_column][et_pb_column type=&#8220;1_2&#8243; _builder_version=&#8220;4.16&#8243; custom_padding=&#8220;|||&#8220; global_colors_info=&#8220;{}&#8220; custom_padding__hover=&#8220;|||&#8220;][et_pb_contact_form captcha=&#8220;off&#8220; email=&#8220;oliver@oliverabogados.es&#8220; custom_message=&#8220;Mi nombre es %%Name%%||et_pb_line_break_holder||Mi email es %%Email%%||et_pb_line_break_holder||El mensaje es %%Message%%&#8220; success_message=&#8220;Nachricht gesendet!&#8220; submit_button_text=&#8220;SENDEN&#8220; module_id=&#8220;et_pb_contact_form_0&#8243; _builder_version=&#8220;4.18.0&#8243; form_field_background_color=&#8220;#242424&#8243; form_field_text_color=&#8220;rgba(255,255,255,0.5)&#8220; form_field_font=&#8220;Karla||||||||&#8220; form_field_font_size=&#8220;16px&#8220; button_icon=&#8220;&#x4b;||divi||400&#8243; button_icon_placement=&#8220;left&#8220; button_on_hover=&#8220;off&#8220; custom_padding=&#8220;|||&#8220; form_background_color=&#8220;#242424&#8243; global_colors_info=&#8220;{}&#8220;][et_pb_contact_field field_id=&#8220;Name&#8220; field_title=&#8220;Name&#8220; _builder_version=&#8220;4.18.0&#8243; global_colors_info=&#8220;{}&#8220; button_text_size__hover_enabled=&#8220;off&#8220; button_one_text_size__hover_enabled=&#8220;off&#8220; button_two_text_size__hover_enabled=&#8220;off&#8220; button_text_color__hover_enabled=&#8220;off&#8220; button_one_text_color__hover_enabled=&#8220;off&#8220; button_two_text_color__hover_enabled=&#8220;off&#8220; button_border_width__hover_enabled=&#8220;off&#8220; button_one_border_width__hover_enabled=&#8220;off&#8220; button_two_border_width__hover_enabled=&#8220;off&#8220; button_border_color__hover_enabled=&#8220;off&#8220; button_one_border_color__hover_enabled=&#8220;off&#8220; button_two_border_color__hover_enabled=&#8220;off&#8220; button_border_radius__hover_enabled=&#8220;off&#8220; button_one_border_radius__hover_enabled=&#8220;off&#8220; button_two_border_radius__hover_enabled=&#8220;off&#8220; button_letter_spacing__hover_enabled=&#8220;off&#8220; button_one_letter_spacing__hover_enabled=&#8220;off&#8220; button_two_letter_spacing__hover_enabled=&#8220;off&#8220; button_bg_color__hover_enabled=&#8220;off&#8220; button_one_bg_color__hover_enabled=&#8220;off&#8220; button_two_bg_color__hover_enabled=&#8220;off&#8220;][\/et_pb_contact_field][et_pb_contact_field field_id=&#8220;Email&#8220; field_title=&#8220;Email&#8220; field_type=&#8220;email&#8220; _builder_version=&#8220;4.18.0&#8243; global_colors_info=&#8220;{}&#8220; button_text_size__hover_enabled=&#8220;off&#8220; button_one_text_size__hover_enabled=&#8220;off&#8220; button_two_text_size__hover_enabled=&#8220;off&#8220; button_text_color__hover_enabled=&#8220;off&#8220; button_one_text_color__hover_enabled=&#8220;off&#8220; button_two_text_color__hover_enabled=&#8220;off&#8220; button_border_width__hover_enabled=&#8220;off&#8220; button_one_border_width__hover_enabled=&#8220;off&#8220; button_two_border_width__hover_enabled=&#8220;off&#8220; button_border_color__hover_enabled=&#8220;off&#8220; button_one_border_color__hover_enabled=&#8220;off&#8220; button_two_border_color__hover_enabled=&#8220;off&#8220; button_border_radius__hover_enabled=&#8220;off&#8220; button_one_border_radius__hover_enabled=&#8220;off&#8220; button_two_border_radius__hover_enabled=&#8220;off&#8220; button_letter_spacing__hover_enabled=&#8220;off&#8220; button_one_letter_spacing__hover_enabled=&#8220;off&#8220; button_two_letter_spacing__hover_enabled=&#8220;off&#8220; button_bg_color__hover_enabled=&#8220;off&#8220; button_one_bg_color__hover_enabled=&#8220;off&#8220; button_two_bg_color__hover_enabled=&#8220;off&#8220;][\/et_pb_contact_field][et_pb_contact_field field_id=&#8220;Message&#8220; field_title=&#8220;Nachricht&#8220; field_type=&#8220;text&#8220; fullwidth_field=&#8220;on&#8220; _builder_version=&#8220;4.18.0&#8243; global_colors_info=&#8220;{}&#8220; button_text_size__hover_enabled=&#8220;off&#8220; button_one_text_size__hover_enabled=&#8220;off&#8220; button_two_text_size__hover_enabled=&#8220;off&#8220; button_text_color__hover_enabled=&#8220;off&#8220; button_one_text_color__hover_enabled=&#8220;off&#8220; button_two_text_color__hover_enabled=&#8220;off&#8220; button_border_width__hover_enabled=&#8220;off&#8220; button_one_border_width__hover_enabled=&#8220;off&#8220; button_two_border_width__hover_enabled=&#8220;off&#8220; button_border_color__hover_enabled=&#8220;off&#8220; button_one_border_color__hover_enabled=&#8220;off&#8220; button_two_border_color__hover_enabled=&#8220;off&#8220; button_border_radius__hover_enabled=&#8220;off&#8220; button_one_border_radius__hover_enabled=&#8220;off&#8220; button_two_border_radius__hover_enabled=&#8220;off&#8220; button_letter_spacing__hover_enabled=&#8220;off&#8220; button_one_letter_spacing__hover_enabled=&#8220;off&#8220; button_two_letter_spacing__hover_enabled=&#8220;off&#8220; button_bg_color__hover_enabled=&#8220;off&#8220; button_one_bg_color__hover_enabled=&#8220;off&#8220; button_two_bg_color__hover_enabled=&#8220;off&#8220;][\/et_pb_contact_field][et_pb_contact_field field_id=&#8220;Privacy&#8220; field_title=&#8220;Datenschutz-Bestimmungen&#8220; field_type=&#8220;checkbox&#8220; checkbox_options=&#8220;%91{%22value%22:%22Ich habe die gelesen und akzeptiere sie %22,%22checked%22:0,%22dragID%22:-1,%22link_url%22:%22https:\/\/oliverabogados.es\/avisos-legales-politica-de-privacidad-y-politica-de-cookies\/%22,%22link_text%22:%22Datenschutz-Bestimmungen%22}%93&#8243; fullwidth_field=&#8220;on&#8220; _builder_version=&#8220;4.18.0&#8243; _module_preset=&#8220;default&#8220; global_colors_info=&#8220;{}&#8220;][\/et_pb_contact_field][\/et_pb_contact_form][\/et_pb_column][\/et_pb_row][\/et_pb_section]<\/p>\n","protected":false},"excerpt":{"rendered":"<p>Wir verfolgen und verteidigen in hochkomplexen Strafverfahren, insbesondere im Wirtschafts- und Unternehmensbereich, in ganz Spanien. Wir verf\u00fcgen \u00fcber langj\u00e4hrige Erfahrung in Verfahren vor dem Obersten Gerichtshof und in Verfahren, an denen die Staatsanwaltschaft f\u00fcr Korruptionsbek\u00e4mpfung und die auf Wirtschaftskriminalit\u00e4t spezialisierten Abteilungen der Staatsanwaltschaft beteiligt sind.Wir verf\u00fcgen \u00fcber ein Team von Anw\u00e4lten mit umfassender Erfahrung in [&hellip;]<\/p>\n","protected":false},"author":5,"featured_media":0,"parent":0,"menu_order":0,"comment_status":"closed","ping_status":"closed","template":"","meta":{"_et_pb_use_builder":"on","_et_pb_old_content":"","_et_gb_content_width":"","footnotes":""},"class_list":["post-1208","page","type-page","status-publish","hentry"],"yoast_head":"<!-- This site is optimized with the Yoast SEO plugin v27.4 - https:\/\/yoast.com\/product\/yoast-seo-wordpress\/ -->\n<title>Oliver &amp; Abogados Beratungsfelder<\/title>\n<meta name=\"description\" content=\"Spezialisiert auf die Behandlung und L\u00f6sung komplexer Rechtsf\u00e4lle sowie von Gesch\u00e4fts- und Reputationskrisen.\" \/>\n<meta name=\"robots\" content=\"index, follow, max-snippet:-1, max-image-preview:large, max-video-preview:-1\" \/>\n<link rel=\"canonical\" href=\"https:\/\/oliverabogados.es\/de\/beratungsfelder\/\" \/>\n<meta property=\"og:locale\" content=\"de_DE\" \/>\n<meta property=\"og:type\" content=\"article\" \/>\n<meta property=\"og:title\" content=\"Oliver &amp; Abogados Beratungsfelder\" \/>\n<meta property=\"og:description\" content=\"Spezialisiert auf die Behandlung und L\u00f6sung komplexer Rechtsf\u00e4lle sowie von Gesch\u00e4fts- und Reputationskrisen.\" \/>\n<meta property=\"og:url\" content=\"https:\/\/oliverabogados.es\/de\/beratungsfelder\/\" \/>\n<meta property=\"og:site_name\" content=\"Oliver &amp; Abogados\" \/>\n<meta property=\"article:modified_time\" content=\"2022-11-16T20:36:49+00:00\" \/>\n<meta name=\"twitter:card\" content=\"summary_large_image\" \/>\n<meta name=\"twitter:label1\" content=\"Gesch\u00e4tzte Lesezeit\" \/>\n\t<meta name=\"twitter:data1\" content=\"3\u00a0Minuten\" \/>\n<script type=\"application\/ld+json\" class=\"yoast-schema-graph\">{\"@context\":\"https:\\\/\\\/schema.org\",\"@graph\":[{\"@type\":\"WebPage\",\"@id\":\"https:\\\/\\\/oliverabogados.es\\\/de\\\/beratungsfelder\\\/\",\"url\":\"https:\\\/\\\/oliverabogados.es\\\/de\\\/beratungsfelder\\\/\",\"name\":\"Oliver &amp; Abogados Beratungsfelder\",\"isPartOf\":{\"@id\":\"https:\\\/\\\/oliverabogados.es\\\/#website\"},\"datePublished\":\"2022-11-11T18:38:17+00:00\",\"dateModified\":\"2022-11-16T20:36:49+00:00\",\"description\":\"Spezialisiert auf die Behandlung und L\u00f6sung komplexer Rechtsf\u00e4lle sowie von Gesch\u00e4fts- und Reputationskrisen.\",\"breadcrumb\":{\"@id\":\"https:\\\/\\\/oliverabogados.es\\\/de\\\/beratungsfelder\\\/#breadcrumb\"},\"inLanguage\":\"de\",\"potentialAction\":[{\"@type\":\"ReadAction\",\"target\":[\"https:\\\/\\\/oliverabogados.es\\\/de\\\/beratungsfelder\\\/\"]}]},{\"@type\":\"BreadcrumbList\",\"@id\":\"https:\\\/\\\/oliverabogados.es\\\/de\\\/beratungsfelder\\\/#breadcrumb\",\"itemListElement\":[{\"@type\":\"ListItem\",\"position\":1,\"name\":\"Portada\",\"item\":\"https:\\\/\\\/oliverabogados.es\\\/de\\\/\"},{\"@type\":\"ListItem\",\"position\":2,\"name\":\"Beratungsfelder\"}]},{\"@type\":\"WebSite\",\"@id\":\"https:\\\/\\\/oliverabogados.es\\\/#website\",\"url\":\"https:\\\/\\\/oliverabogados.es\\\/\",\"name\":\"Oliver &amp; Abogados\",\"description\":\"Especialistas en Derecho Penal\",\"potentialAction\":[{\"@type\":\"SearchAction\",\"target\":{\"@type\":\"EntryPoint\",\"urlTemplate\":\"https:\\\/\\\/oliverabogados.es\\\/?s={search_term_string}\"},\"query-input\":{\"@type\":\"PropertyValueSpecification\",\"valueRequired\":true,\"valueName\":\"search_term_string\"}}],\"inLanguage\":\"de\"}]}<\/script>\n<!-- \/ Yoast SEO plugin. -->","yoast_head_json":{"title":"Oliver &amp; Abogados Beratungsfelder","description":"Spezialisiert auf die Behandlung und L\u00f6sung komplexer Rechtsf\u00e4lle sowie von Gesch\u00e4fts- und Reputationskrisen.","robots":{"index":"index","follow":"follow","max-snippet":"max-snippet:-1","max-image-preview":"max-image-preview:large","max-video-preview":"max-video-preview:-1"},"canonical":"https:\/\/oliverabogados.es\/de\/beratungsfelder\/","og_locale":"de_DE","og_type":"article","og_title":"Oliver &amp; Abogados Beratungsfelder","og_description":"Spezialisiert auf die Behandlung und L\u00f6sung komplexer Rechtsf\u00e4lle sowie von Gesch\u00e4fts- und Reputationskrisen.","og_url":"https:\/\/oliverabogados.es\/de\/beratungsfelder\/","og_site_name":"Oliver &amp; Abogados","article_modified_time":"2022-11-16T20:36:49+00:00","twitter_card":"summary_large_image","twitter_misc":{"Gesch\u00e4tzte Lesezeit":"3\u00a0Minuten"},"schema":{"@context":"https:\/\/schema.org","@graph":[{"@type":"WebPage","@id":"https:\/\/oliverabogados.es\/de\/beratungsfelder\/","url":"https:\/\/oliverabogados.es\/de\/beratungsfelder\/","name":"Oliver &amp; Abogados Beratungsfelder","isPartOf":{"@id":"https:\/\/oliverabogados.es\/#website"},"datePublished":"2022-11-11T18:38:17+00:00","dateModified":"2022-11-16T20:36:49+00:00","description":"Spezialisiert auf die Behandlung und L\u00f6sung komplexer Rechtsf\u00e4lle sowie von Gesch\u00e4fts- und Reputationskrisen.","breadcrumb":{"@id":"https:\/\/oliverabogados.es\/de\/beratungsfelder\/#breadcrumb"},"inLanguage":"de","potentialAction":[{"@type":"ReadAction","target":["https:\/\/oliverabogados.es\/de\/beratungsfelder\/"]}]},{"@type":"BreadcrumbList","@id":"https:\/\/oliverabogados.es\/de\/beratungsfelder\/#breadcrumb","itemListElement":[{"@type":"ListItem","position":1,"name":"Portada","item":"https:\/\/oliverabogados.es\/de\/"},{"@type":"ListItem","position":2,"name":"Beratungsfelder"}]},{"@type":"WebSite","@id":"https:\/\/oliverabogados.es\/#website","url":"https:\/\/oliverabogados.es\/","name":"Oliver &amp; Abogados","description":"Especialistas en Derecho Penal","potentialAction":[{"@type":"SearchAction","target":{"@type":"EntryPoint","urlTemplate":"https:\/\/oliverabogados.es\/?s={search_term_string}"},"query-input":{"@type":"PropertyValueSpecification","valueRequired":true,"valueName":"search_term_string"}}],"inLanguage":"de"}]}},"_links":{"self":[{"href":"https:\/\/oliverabogados.es\/de\/wp-json\/wp\/v2\/pages\/1208","targetHints":{"allow":["GET"]}}],"collection":[{"href":"https:\/\/oliverabogados.es\/de\/wp-json\/wp\/v2\/pages"}],"about":[{"href":"https:\/\/oliverabogados.es\/de\/wp-json\/wp\/v2\/types\/page"}],"author":[{"embeddable":true,"href":"https:\/\/oliverabogados.es\/de\/wp-json\/wp\/v2\/users\/5"}],"replies":[{"embeddable":true,"href":"https:\/\/oliverabogados.es\/de\/wp-json\/wp\/v2\/comments?post=1208"}],"version-history":[{"count":12,"href":"https:\/\/oliverabogados.es\/de\/wp-json\/wp\/v2\/pages\/1208\/revisions"}],"predecessor-version":[{"id":1261,"href":"https:\/\/oliverabogados.es\/de\/wp-json\/wp\/v2\/pages\/1208\/revisions\/1261"}],"wp:attachment":[{"href":"https:\/\/oliverabogados.es\/de\/wp-json\/wp\/v2\/media?parent=1208"}],"curies":[{"name":"wp","href":"https:\/\/api.w.org\/{rel}","templated":true}]}}