{"id":481,"date":"2022-09-13T19:01:29","date_gmt":"2022-09-13T19:01:29","guid":{"rendered":"https:\/\/oliverabogados.es\/?page_id=481"},"modified":"2022-11-28T13:06:19","modified_gmt":"2022-11-28T13:06:19","slug":"kontakt","status":"publish","type":"page","link":"https:\/\/oliverabogados.es\/de\/kontakt\/","title":{"rendered":"Kontakt"},"content":{"rendered":"<p>[et_pb_section fb_built=&#8220;1&#8243; admin_label=&#8220;Hero Section&#8220; _builder_version=&#8220;4.16&#8243; custom_padding=&#8220;0|0px|0px|0px&#8220; global_colors_info=&#8220;{}&#8220;][et_pb_row column_structure=&#8220;1_2,1_2&#8243; make_equal=&#8220;on&#8220; _builder_version=&#8220;4.18.0&#8243; width=&#8220;100%&#8220; max_width=&#8220;100%&#8220; custom_padding=&#8220;0px|0|0px|&#8220; use_custom_width=&#8220;on&#8220; width_unit=&#8220;off&#8220; custom_width_percent=&#8220;100%&#8220; global_colors_info=&#8220;{}&#8220;][et_pb_column type=&#8220;1_2&#8243; _builder_version=&#8220;4.16&#8243; custom_padding=&#8220;200px|8%|260px|8%&#8220; custom_padding_tablet=&#8220;80px|10%|80px|10%&#8220; custom_padding_phone=&#8220;80px|10%|80px|10%&#8220; custom_padding_last_edited=&#8220;on|tablet&#8220; global_colors_info=&#8220;{}&#8220; padding_tablet=&#8220;80px|10%|80px|10%&#8220; padding_last_edited=&#8220;on|tablet&#8220; custom_padding__hover=&#8220;|||&#8220; padding_phone=&#8220;80px|10%|80px|10%&#8220;][et_pb_text _builder_version=&#8220;4.18.0&#8243; text_font=&#8220;||||||||&#8220; header_font=&#8220;||||||||&#8220; header_3_font=&#8220;Karla|700||on|||||&#8220; header_3_text_color=&#8220;#c2ab92&#8243; header_3_font_size=&#8220;16px&#8220; header_3_letter_spacing=&#8220;1px&#8220; background_layout=&#8220;dark&#8220; max_width=&#8220;600px&#8220; module_alignment=&#8220;left&#8220; custom_margin=&#8220;||20px|&#8220; locked=&#8220;off&#8220; global_colors_info=&#8220;{}&#8220;]<\/p>\n<h3>Kontaktiere uns<\/h3>\n<p>[\/et_pb_text][et_pb_text _builder_version=&#8220;4.19.0&#8243; text_font=&#8220;Karla||||||||&#8220; text_line_height=&#8220;1.8em&#8220; header_font=&#8220;Cormorant Garamond||||||||&#8220; header_font_size=&#8220;56px&#8220; header_line_height=&#8220;1.4em&#8220; header_2_font=&#8220;||||||||&#8220; header_3_font=&#8220;||||||||&#8220; max_width=&#8220;600px&#8220; header_font_size_tablet=&#8220;40px&#8220; header_font_size_phone=&#8220;&#8220; header_font_size_last_edited=&#8220;on|tablet&#8220; locked=&#8220;off&#8220; global_colors_info=&#8220;{}&#8220;]<\/p>\n<h1 class=\"et_pb_slide_title\">Oliver &amp; Anw\u00e4lte<\/h1>\n<p>Unsere Priorit\u00e4t ist es, auf die Bed\u00fcrfnisse unserer Kunden einzugehen, um ihnen einen ma\u00dfgeschneiderten Service zu bieten. Setzen Sie sich mit uns in Verbindung, indem Sie das Formular ausf\u00fcllen, oder nutzen Sie die folgenden M\u00f6glichkeiten, und wir werden uns so schnell wie m\u00f6glich mit Ihnen in Verbindung setzen.<\/p>\n<p>[\/et_pb_text][\/et_pb_column][et_pb_column type=&#8220;1_2&#8243; _builder_version=&#8220;4.18.0&#8243; background_color=&#8220;#121212&#8243; use_background_color_gradient=&#8220;on&#8220; background_color_gradient_stops=&#8220;rgba(18,18,18,0.5) 0%|#121212 100%&#8220; background_color_gradient_overlays_image=&#8220;on&#8220; background_color_gradient_start=&#8220;rgba(18,18,18,0.5)&#8220; background_color_gradient_end=&#8220;#121212&#8243; background_image=&#8220;https:\/\/oliverabogados.es\/wp-content\/uploads\/2022\/10\/0143-min.jpg&#8220; custom_padding=&#8220;200px||260px|8%&#8220; custom_padding_tablet=&#8220;80px|10%|80px|10%&#8220; custom_padding_phone=&#8220;80px|10%|80px|10%&#8220; custom_padding_last_edited=&#8220;on|desktop&#8220; global_colors_info=&#8220;{}&#8220; padding_tablet=&#8220;80px|10%|80px|10%&#8220; padding_last_edited=&#8220;on|desktop&#8220; custom_padding__hover=&#8220;|||&#8220; padding_phone=&#8220;80px|10%|80px|10%&#8220;][et_pb_text _builder_version=&#8220;4.19.0&#8243; text_font=&#8220;Karla||||||||&#8220; text_text_color=&#8220;rgba(255,255,255,0.7)&#8220; text_line_height=&#8220;1.8em&#8220; header_font=&#8220;||||||||&#8220; header_2_font=&#8220;||||||||&#8220; header_2_font_size=&#8220;40px&#8220; header_2_line_height=&#8220;1.4em&#8220; header_3_font=&#8220;Cormorant Garamond|600|||||||&#8220; header_3_line_height=&#8220;1.4em&#8220; background_layout=&#8220;dark&#8220; max_width=&#8220;600px&#8220; hover_enabled=&#8220;0&#8243; locked=&#8220;off&#8220; global_colors_info=&#8220;{}&#8220; sticky_enabled=&#8220;0&#8243;]<\/p>\n<div style=\"font-family: Raleway; padding-top: 60px; color: white!important;\">\n<p class=\"indirizzo\" style=\"color: white;\"><img decoding=\"async\" class=\"alignnone size-full wp-image-2583\" style=\"vertical-align: middle; padding-right: 15px; color: white;\" src=\"https:\/\/oliverabogados.es\/wp-content\/uploads\/2022\/09\/home2.png\" alt=\"direccion\" width=\"30\" height=\"auto\" \/>Calle de Orfila, 8, 1A, <span style=\"font-size: 18px;\">28010, Madrid<\/span><\/p>\n<p class=\"indirizzo\" style=\"padding-bottom: 20px; color: white;\"><img loading=\"lazy\" decoding=\"async\" class=\"alignnone size-full wp-image-2582\" style=\"vertical-align: middle; padding-right: 15px; color: white;\" src=\"https:\/\/oliverabogados.es\/wp-content\/uploads\/2022\/09\/call-answer2.png\" alt=\"telefono\" width=\"30\" height=\"30\" \/>+34 910 57 03 24<\/p>\n<p style=\"white-space: nowrap;\"><img decoding=\"async\" class=\"alignnone size-full wp-image-2584\" style=\"vertical-align: middle; padding-right: 20px;\" src=\"https:\/\/oliverabogados.es\/wp-content\/uploads\/2022\/09\/close-envelope-2.png\" alt=\"email\" width=\"35\" height=\"auto\" \/><a href=\"mailto:oliver@oliverabogados.es\" style=\"color: white;\">oliver@oliverabogados.es<\/a><\/p>\n<\/div>\n<p>[\/et_pb_text][\/et_pb_column][\/et_pb_row][\/et_pb_section][et_pb_section fb_built=&#8220;1&#8243; _builder_version=&#8220;4.16&#8243; background_color=&#8220;#121212&#8243; custom_padding=&#8220;0|0px|54px|0px&#8220; global_colors_info=&#8220;{}&#8220;][et_pb_row _builder_version=&#8220;4.18.0&#8243; custom_margin=&#8220;|||&#8220; animation_direction=&#8220;bottom&#8220; global_colors_info=&#8220;{}&#8220;][et_pb_column type=&#8220;4_4&#8243; _builder_version=&#8220;4.16&#8243; custom_padding=&#8220;|||&#8220; global_colors_info=&#8220;{}&#8220; custom_padding__hover=&#8220;|||&#8220;][et_pb_text _builder_version=&#8220;4.18.0&#8243; _module_preset=&#8220;default&#8220; custom_margin=&#8220;-160px||||false|false&#8220; custom_margin_tablet=&#8220;0px||||false|false&#8220; custom_margin_phone=&#8220;0px||||false|false&#8220; custom_margin_last_edited=&#8220;on|desktop&#8220; global_colors_info=&#8220;{}&#8220;]<\/p>\n<p><iframe src=\"https:\/\/www.google.com\/maps\/embed?pb=!1m18!1m12!1m3!1d3037.171718241571!2d-3.6951355844478653!3d40.427196379364!2m3!1f0!2f0!3f0!3m2!1i1024!2i768!4f13.1!3m3!1m2!1s0xd42288e1f7b782d%3A0xffbf7b417fc78723!2sC.%20de%20Orfila%2C%208%2C%201a%2C%2028010%20Madrid!5e0!3m2!1ses!2ses!4v1666784595069!5m2!1ses!2ses\" width=\"100%\" height=\"500\" style=\"border: 0;\" allowfullscreen=\"\" loading=\"lazy\" referrerpolicy=\"no-referrer-when-downgrade\"><\/iframe><\/p>\n<p>[\/et_pb_text][\/et_pb_column][\/et_pb_row][et_pb_row _builder_version=&#8220;4.16&#8243; global_colors_info=&#8220;{}&#8220;][et_pb_column type=&#8220;4_4&#8243; _builder_version=&#8220;4.16&#8243; custom_padding=&#8220;|||&#8220; global_colors_info=&#8220;{}&#8220; custom_padding__hover=&#8220;|||&#8220;][et_pb_contact_form captcha=&#8220;off&#8220; email=&#8220;oliver@oliverabogados.es&#8220; custom_message=&#8220;Mi nombre es %%Name%%||et_pb_line_break_holder||Mi email es %%Email%%||et_pb_line_break_holder||El mensaje es %%Message%%&#8220; success_message=&#8220;Nachricht gesendet!&#8220; submit_button_text=&#8220;SENDEN&#8220; module_id=&#8220;et_pb_contact_form_0&#8243; _builder_version=&#8220;4.18.0&#8243; form_field_background_color=&#8220;#242424&#8243; form_field_text_color=&#8220;rgba(255,255,255,0.5)&#8220; form_field_font=&#8220;Karla||||||||&#8220; form_field_font_size=&#8220;16px&#8220; button_icon=&#8220;&#x4b;||divi||400&#8243; button_icon_placement=&#8220;left&#8220; button_on_hover=&#8220;off&#8220; custom_padding=&#8220;|||&#8220; form_background_color=&#8220;#242424&#8243; saved_tabs=&#8220;all&#8220; global_colors_info=&#8220;{}&#8220;][et_pb_contact_field field_id=&#8220;Name&#8220; field_title=&#8220;Name&#8220; _builder_version=&#8220;4.18.0&#8243; global_colors_info=&#8220;{}&#8220; button_text_size__hover_enabled=&#8220;off&#8220; button_one_text_size__hover_enabled=&#8220;off&#8220; button_two_text_size__hover_enabled=&#8220;off&#8220; button_text_color__hover_enabled=&#8220;off&#8220; button_one_text_color__hover_enabled=&#8220;off&#8220; button_two_text_color__hover_enabled=&#8220;off&#8220; button_border_width__hover_enabled=&#8220;off&#8220; button_one_border_width__hover_enabled=&#8220;off&#8220; button_two_border_width__hover_enabled=&#8220;off&#8220; button_border_color__hover_enabled=&#8220;off&#8220; button_one_border_color__hover_enabled=&#8220;off&#8220; button_two_border_color__hover_enabled=&#8220;off&#8220; button_border_radius__hover_enabled=&#8220;off&#8220; button_one_border_radius__hover_enabled=&#8220;off&#8220; button_two_border_radius__hover_enabled=&#8220;off&#8220; button_letter_spacing__hover_enabled=&#8220;off&#8220; button_one_letter_spacing__hover_enabled=&#8220;off&#8220; button_two_letter_spacing__hover_enabled=&#8220;off&#8220; button_bg_color__hover_enabled=&#8220;off&#8220; button_one_bg_color__hover_enabled=&#8220;off&#8220; button_two_bg_color__hover_enabled=&#8220;off&#8220;][\/et_pb_contact_field][et_pb_contact_field field_id=&#8220;Email&#8220; field_title=&#8220;Email&#8220; field_type=&#8220;email&#8220; _builder_version=&#8220;4.18.0&#8243; global_colors_info=&#8220;{}&#8220; button_text_size__hover_enabled=&#8220;off&#8220; button_one_text_size__hover_enabled=&#8220;off&#8220; button_two_text_size__hover_enabled=&#8220;off&#8220; button_text_color__hover_enabled=&#8220;off&#8220; button_one_text_color__hover_enabled=&#8220;off&#8220; button_two_text_color__hover_enabled=&#8220;off&#8220; button_border_width__hover_enabled=&#8220;off&#8220; button_one_border_width__hover_enabled=&#8220;off&#8220; button_two_border_width__hover_enabled=&#8220;off&#8220; button_border_color__hover_enabled=&#8220;off&#8220; button_one_border_color__hover_enabled=&#8220;off&#8220; button_two_border_color__hover_enabled=&#8220;off&#8220; button_border_radius__hover_enabled=&#8220;off&#8220; button_one_border_radius__hover_enabled=&#8220;off&#8220; button_two_border_radius__hover_enabled=&#8220;off&#8220; button_letter_spacing__hover_enabled=&#8220;off&#8220; button_one_letter_spacing__hover_enabled=&#8220;off&#8220; button_two_letter_spacing__hover_enabled=&#8220;off&#8220; button_bg_color__hover_enabled=&#8220;off&#8220; button_one_bg_color__hover_enabled=&#8220;off&#8220; button_two_bg_color__hover_enabled=&#8220;off&#8220;][\/et_pb_contact_field][et_pb_contact_field field_id=&#8220;Message&#8220; field_title=&#8220;Nachricht&#8220; field_type=&#8220;text&#8220; fullwidth_field=&#8220;on&#8220; _builder_version=&#8220;4.18.0&#8243; global_colors_info=&#8220;{}&#8220; button_text_size__hover_enabled=&#8220;off&#8220; button_one_text_size__hover_enabled=&#8220;off&#8220; button_two_text_size__hover_enabled=&#8220;off&#8220; button_text_color__hover_enabled=&#8220;off&#8220; button_one_text_color__hover_enabled=&#8220;off&#8220; button_two_text_color__hover_enabled=&#8220;off&#8220; button_border_width__hover_enabled=&#8220;off&#8220; button_one_border_width__hover_enabled=&#8220;off&#8220; button_two_border_width__hover_enabled=&#8220;off&#8220; button_border_color__hover_enabled=&#8220;off&#8220; button_one_border_color__hover_enabled=&#8220;off&#8220; button_two_border_color__hover_enabled=&#8220;off&#8220; button_border_radius__hover_enabled=&#8220;off&#8220; button_one_border_radius__hover_enabled=&#8220;off&#8220; button_two_border_radius__hover_enabled=&#8220;off&#8220; button_letter_spacing__hover_enabled=&#8220;off&#8220; button_one_letter_spacing__hover_enabled=&#8220;off&#8220; button_two_letter_spacing__hover_enabled=&#8220;off&#8220; button_bg_color__hover_enabled=&#8220;off&#8220; button_one_bg_color__hover_enabled=&#8220;off&#8220; button_two_bg_color__hover_enabled=&#8220;off&#8220;][\/et_pb_contact_field][et_pb_contact_field field_id=&#8220;Privacy&#8220; field_title=&#8220;Datenschutz-Bestimmungen&#8220; field_type=&#8220;checkbox&#8220; checkbox_options=&#8220;%91{%22value%22:%22Ich habe die gelesen und akzeptiere sie%22,%22checked%22:0,%22dragID%22:-1,%22link_url%22:%22https:\/\/oliverabogados.es\/avisos-legales-politica-de-privacidad-y-politica-de-cookies\/%22,%22link_text%22:%22Datenschutz-Bestimmungen%22}%93&#8243; fullwidth_field=&#8220;on&#8220; _builder_version=&#8220;4.18.0&#8243; _module_preset=&#8220;default&#8220; global_colors_info=&#8220;{}&#8220;][\/et_pb_contact_field][\/et_pb_contact_form][\/et_pb_column][\/et_pb_row][\/et_pb_section]<\/p>\n","protected":false},"excerpt":{"rendered":"<p>Kontaktiere unsOliver &amp; Anw\u00e4lte Unsere Priorit\u00e4t ist es, auf die Bed\u00fcrfnisse unserer Kunden einzugehen, um ihnen einen ma\u00dfgeschneiderten Service zu bieten. Setzen Sie sich mit uns in Verbindung, indem Sie das Formular ausf\u00fcllen, oder nutzen Sie die folgenden M\u00f6glichkeiten, und wir werden uns so schnell wie m\u00f6glich mit Ihnen in Verbindung setzen. Calle de Orfila, [&hellip;]<\/p>\n","protected":false},"author":5,"featured_media":0,"parent":0,"menu_order":0,"comment_status":"closed","ping_status":"closed","template":"","meta":{"_et_pb_use_builder":"on","_et_pb_old_content":"","_et_gb_content_width":"","footnotes":""},"class_list":["post-481","page","type-page","status-publish","hentry"],"yoast_head":"<!-- This site is optimized with the Yoast SEO plugin v27.4 - https:\/\/yoast.com\/product\/yoast-seo-wordpress\/ -->\n<title>Oliver &amp; Abogados Kontakt<\/title>\n<meta name=\"description\" content=\"Unsere Priorit\u00e4t ist es, auf die Bed\u00fcrfnisse unserer Kunden einzugehen, um ihnen einen ma\u00dfgeschneiderten Service anzubieten.\" \/>\n<meta name=\"robots\" content=\"index, follow, max-snippet:-1, max-image-preview:large, max-video-preview:-1\" \/>\n<link rel=\"canonical\" href=\"https:\/\/oliverabogados.es\/de\/kontakt\/\" \/>\n<meta property=\"og:locale\" content=\"de_DE\" \/>\n<meta property=\"og:type\" content=\"article\" \/>\n<meta property=\"og:title\" content=\"Oliver &amp; Abogados Kontakt\" \/>\n<meta property=\"og:description\" content=\"Unsere Priorit\u00e4t ist es, auf die Bed\u00fcrfnisse unserer Kunden einzugehen, um ihnen einen ma\u00dfgeschneiderten Service anzubieten.\" \/>\n<meta property=\"og:url\" content=\"https:\/\/oliverabogados.es\/de\/kontakt\/\" \/>\n<meta property=\"og:site_name\" content=\"Oliver &amp; Abogados\" \/>\n<meta property=\"article:modified_time\" content=\"2022-11-28T13:06:19+00:00\" \/>\n<meta property=\"og:image\" content=\"https:\/\/oliverabogados.es\/wp-content\/uploads\/2022\/09\/home2.png\" \/>\n<meta name=\"twitter:card\" content=\"summary_large_image\" \/>\n<meta name=\"twitter:label1\" content=\"Gesch\u00e4tzte Lesezeit\" \/>\n\t<meta name=\"twitter:data1\" content=\"3\u00a0Minuten\" \/>\n<script type=\"application\/ld+json\" class=\"yoast-schema-graph\">{\"@context\":\"https:\\\/\\\/schema.org\",\"@graph\":[{\"@type\":\"WebPage\",\"@id\":\"https:\\\/\\\/oliverabogados.es\\\/de\\\/kontakt\\\/\",\"url\":\"https:\\\/\\\/oliverabogados.es\\\/de\\\/kontakt\\\/\",\"name\":\"Oliver &amp; Abogados Kontakt\",\"isPartOf\":{\"@id\":\"https:\\\/\\\/oliverabogados.es\\\/#website\"},\"primaryImageOfPage\":{\"@id\":\"https:\\\/\\\/oliverabogados.es\\\/de\\\/kontakt\\\/#primaryimage\"},\"image\":{\"@id\":\"https:\\\/\\\/oliverabogados.es\\\/de\\\/kontakt\\\/#primaryimage\"},\"thumbnailUrl\":\"https:\\\/\\\/oliverabogados.es\\\/wp-content\\\/uploads\\\/2022\\\/09\\\/home2.png\",\"datePublished\":\"2022-09-13T19:01:29+00:00\",\"dateModified\":\"2022-11-28T13:06:19+00:00\",\"description\":\"Unsere Priorit\u00e4t ist es, auf die Bed\u00fcrfnisse unserer Kunden einzugehen, um ihnen einen ma\u00dfgeschneiderten Service anzubieten.\",\"breadcrumb\":{\"@id\":\"https:\\\/\\\/oliverabogados.es\\\/de\\\/kontakt\\\/#breadcrumb\"},\"inLanguage\":\"de\",\"potentialAction\":[{\"@type\":\"ReadAction\",\"target\":[\"https:\\\/\\\/oliverabogados.es\\\/de\\\/kontakt\\\/\"]}]},{\"@type\":\"ImageObject\",\"inLanguage\":\"de\",\"@id\":\"https:\\\/\\\/oliverabogados.es\\\/de\\\/kontakt\\\/#primaryimage\",\"url\":\"https:\\\/\\\/oliverabogados.es\\\/wp-content\\\/uploads\\\/2022\\\/09\\\/home2.png\",\"contentUrl\":\"https:\\\/\\\/oliverabogados.es\\\/wp-content\\\/uploads\\\/2022\\\/09\\\/home2.png\"},{\"@type\":\"BreadcrumbList\",\"@id\":\"https:\\\/\\\/oliverabogados.es\\\/de\\\/kontakt\\\/#breadcrumb\",\"itemListElement\":[{\"@type\":\"ListItem\",\"position\":1,\"name\":\"Portada\",\"item\":\"https:\\\/\\\/oliverabogados.es\\\/de\\\/\"},{\"@type\":\"ListItem\",\"position\":2,\"name\":\"Kontakt\"}]},{\"@type\":\"WebSite\",\"@id\":\"https:\\\/\\\/oliverabogados.es\\\/#website\",\"url\":\"https:\\\/\\\/oliverabogados.es\\\/\",\"name\":\"Oliver &amp; Abogados\",\"description\":\"Especialistas en Derecho Penal\",\"potentialAction\":[{\"@type\":\"SearchAction\",\"target\":{\"@type\":\"EntryPoint\",\"urlTemplate\":\"https:\\\/\\\/oliverabogados.es\\\/?s={search_term_string}\"},\"query-input\":{\"@type\":\"PropertyValueSpecification\",\"valueRequired\":true,\"valueName\":\"search_term_string\"}}],\"inLanguage\":\"de\"}]}<\/script>\n<!-- \/ Yoast SEO plugin. -->","yoast_head_json":{"title":"Oliver &amp; Abogados Kontakt","description":"Unsere Priorit\u00e4t ist es, auf die Bed\u00fcrfnisse unserer Kunden einzugehen, um ihnen einen ma\u00dfgeschneiderten Service anzubieten.","robots":{"index":"index","follow":"follow","max-snippet":"max-snippet:-1","max-image-preview":"max-image-preview:large","max-video-preview":"max-video-preview:-1"},"canonical":"https:\/\/oliverabogados.es\/de\/kontakt\/","og_locale":"de_DE","og_type":"article","og_title":"Oliver &amp; Abogados Kontakt","og_description":"Unsere Priorit\u00e4t ist es, auf die Bed\u00fcrfnisse unserer Kunden einzugehen, um ihnen einen ma\u00dfgeschneiderten Service anzubieten.","og_url":"https:\/\/oliverabogados.es\/de\/kontakt\/","og_site_name":"Oliver &amp; Abogados","article_modified_time":"2022-11-28T13:06:19+00:00","og_image":[{"url":"https:\/\/oliverabogados.es\/wp-content\/uploads\/2022\/09\/home2.png","type":"","width":"","height":""}],"twitter_card":"summary_large_image","twitter_misc":{"Gesch\u00e4tzte Lesezeit":"3\u00a0Minuten"},"schema":{"@context":"https:\/\/schema.org","@graph":[{"@type":"WebPage","@id":"https:\/\/oliverabogados.es\/de\/kontakt\/","url":"https:\/\/oliverabogados.es\/de\/kontakt\/","name":"Oliver &amp; Abogados Kontakt","isPartOf":{"@id":"https:\/\/oliverabogados.es\/#website"},"primaryImageOfPage":{"@id":"https:\/\/oliverabogados.es\/de\/kontakt\/#primaryimage"},"image":{"@id":"https:\/\/oliverabogados.es\/de\/kontakt\/#primaryimage"},"thumbnailUrl":"https:\/\/oliverabogados.es\/wp-content\/uploads\/2022\/09\/home2.png","datePublished":"2022-09-13T19:01:29+00:00","dateModified":"2022-11-28T13:06:19+00:00","description":"Unsere Priorit\u00e4t ist es, auf die Bed\u00fcrfnisse unserer Kunden einzugehen, um ihnen einen ma\u00dfgeschneiderten Service anzubieten.","breadcrumb":{"@id":"https:\/\/oliverabogados.es\/de\/kontakt\/#breadcrumb"},"inLanguage":"de","potentialAction":[{"@type":"ReadAction","target":["https:\/\/oliverabogados.es\/de\/kontakt\/"]}]},{"@type":"ImageObject","inLanguage":"de","@id":"https:\/\/oliverabogados.es\/de\/kontakt\/#primaryimage","url":"https:\/\/oliverabogados.es\/wp-content\/uploads\/2022\/09\/home2.png","contentUrl":"https:\/\/oliverabogados.es\/wp-content\/uploads\/2022\/09\/home2.png"},{"@type":"BreadcrumbList","@id":"https:\/\/oliverabogados.es\/de\/kontakt\/#breadcrumb","itemListElement":[{"@type":"ListItem","position":1,"name":"Portada","item":"https:\/\/oliverabogados.es\/de\/"},{"@type":"ListItem","position":2,"name":"Kontakt"}]},{"@type":"WebSite","@id":"https:\/\/oliverabogados.es\/#website","url":"https:\/\/oliverabogados.es\/","name":"Oliver &amp; Abogados","description":"Especialistas en Derecho Penal","potentialAction":[{"@type":"SearchAction","target":{"@type":"EntryPoint","urlTemplate":"https:\/\/oliverabogados.es\/?s={search_term_string}"},"query-input":{"@type":"PropertyValueSpecification","valueRequired":true,"valueName":"search_term_string"}}],"inLanguage":"de"}]}},"_links":{"self":[{"href":"https:\/\/oliverabogados.es\/de\/wp-json\/wp\/v2\/pages\/481","targetHints":{"allow":["GET"]}}],"collection":[{"href":"https:\/\/oliverabogados.es\/de\/wp-json\/wp\/v2\/pages"}],"about":[{"href":"https:\/\/oliverabogados.es\/de\/wp-json\/wp\/v2\/types\/page"}],"author":[{"embeddable":true,"href":"https:\/\/oliverabogados.es\/de\/wp-json\/wp\/v2\/users\/5"}],"replies":[{"embeddable":true,"href":"https:\/\/oliverabogados.es\/de\/wp-json\/wp\/v2\/comments?post=481"}],"version-history":[{"count":24,"href":"https:\/\/oliverabogados.es\/de\/wp-json\/wp\/v2\/pages\/481\/revisions"}],"predecessor-version":[{"id":1319,"href":"https:\/\/oliverabogados.es\/de\/wp-json\/wp\/v2\/pages\/481\/revisions\/1319"}],"wp:attachment":[{"href":"https:\/\/oliverabogados.es\/de\/wp-json\/wp\/v2\/media?parent=481"}],"curies":[{"name":"wp","href":"https:\/\/api.w.org\/{rel}","templated":true}]}}