{"id":509,"date":"2022-09-22T18:37:04","date_gmt":"2022-09-22T18:37:04","guid":{"rendered":"https:\/\/oliverabogados.es\/?page_id=509"},"modified":"2022-11-16T20:46:04","modified_gmt":"2022-11-16T20:46:04","slug":"auslieferungen-und-europaeische-haftbefehle-und-uebergaben","status":"publish","type":"page","link":"https:\/\/oliverabogados.es\/de\/auslieferungen-und-europaeische-haftbefehle-und-uebergaben\/","title":{"rendered":"Auslieferungen und Europ\u00e4ische Haftbefehle und \u00dcbergaben"},"content":{"rendered":"<p>[et_pb_section fb_built=&#8220;1&#8243; admin_label=&#8220;Hero Section&#8220; _builder_version=&#8220;4.19.0&#8243; background_color=&#8220;#1b1b1b&#8220; use_background_color_gradient=&#8220;on&#8220; background_color_gradient_stops=&#8220;#121212 0%|rgba(51,51,51,0.72) 0%&#8220; background_color_gradient_overlays_image=&#8220;on&#8220; background_color_gradient_start=&#8220;#121212&#8243; background_color_gradient_end=&#8220;rgba(18,18,18,0.8)&#8220; background_image=&#8220;https:\/\/oliverabogados.es\/wp-content\/uploads\/2022\/11\/pexels-alena-darmel-7641842-3.jpg&#8220; custom_padding=&#8220;0|0px|0px|0px&#8220; locked=&#8220;off&#8220; global_colors_info=&#8220;{}&#8220;][et_pb_row _builder_version=&#8220;4.18.0&#8243; custom_padding=&#8220;0px|0|0px|&#8220; use_custom_width=&#8220;on&#8220; width_unit=&#8220;off&#8220; custom_width_percent=&#8220;100%&#8220; global_colors_info=&#8220;{}&#8220;][et_pb_column type=&#8220;4_4&#8243; _builder_version=&#8220;4.18.0&#8243; custom_padding=&#8220;120px||120px||false|false&#8220; custom_padding_tablet=&#8220;60px|10%|60px|10%&#8220; custom_padding_phone=&#8220;60px|10%|60px|10%&#8220; custom_padding_last_edited=&#8220;on|tablet&#8220; global_colors_info=&#8220;{}&#8220; padding_tablet=&#8220;60px|10%|60px|10%&#8220; padding_last_edited=&#8220;on|tablet&#8220; custom_padding__hover=&#8220;|||&#8220; padding_phone=&#8220;60px|10%|60px|10%&#8220;][et_pb_text _builder_version=&#8220;4.19.0&#8243; text_font=&#8220;Karla||||||||&#8220; text_text_color=&#8220;#FFFFFF&#8220; text_line_height=&#8220;1.8em&#8220; header_font=&#8220;Cormorant Garamond||||||||&#8220; header_text_align=&#8220;center&#8220; header_text_color=&#8220;#FFFFFF&#8220; header_font_size=&#8220;56px&#8220; header_line_height=&#8220;1.4em&#8220; header_2_font=&#8220;||||||||&#8220; header_3_font=&#8220;||||||||&#8220; text_orientation=&#8220;center&#8220; module_alignment=&#8220;center&#8220; header_font_size_tablet=&#8220;40px&#8220; header_font_size_phone=&#8220;&#8220; header_font_size_last_edited=&#8220;on|tablet&#8220; locked=&#8220;off&#8220; global_colors_info=&#8220;{}&#8220;]<\/p>\n<h1>Auslieferungen und Europ\u00e4ische Haftbefehle und \u00dcbergaben<\/h1>\n<p>[\/et_pb_text][\/et_pb_column][\/et_pb_row][\/et_pb_section][et_pb_section fb_built=&#8220;1&#8243; custom_padding_last_edited=&#8220;on|phone&#8220; _builder_version=&#8220;4.18.0&#8243; _module_preset=&#8220;default&#8220; custom_padding=&#8220;100px||55px||false|false&#8220; custom_padding_tablet=&#8220;100px||55px||false|false&#8220; custom_padding_phone=&#8220;50px||||false|false&#8220; global_colors_info=&#8220;{}&#8220;][et_pb_row column_structure=&#8220;1_2,1_2&#8243; _builder_version=&#8220;4.18.0&#8243; _module_preset=&#8220;default&#8220; global_colors_info=&#8220;{}&#8220;][et_pb_column type=&#8220;1_2&#8243; _builder_version=&#8220;4.18.0&#8243; _module_preset=&#8220;default&#8220; global_colors_info=&#8220;{}&#8220;][et_pb_text _builder_version=&#8220;4.19.0&#8243; text_font=&#8220;Karla||||||||&#8220; text_line_height=&#8220;1.8em&#8220; header_font=&#8220;||||||||&#8220; header_2_font=&#8220;Cormorant Garamond||||||||&#8220; header_2_font_size=&#8220;40px&#8220; header_2_line_height=&#8220;1.4em&#8220; header_3_font=&#8220;||||||||&#8220; locked=&#8220;off&#8220; global_colors_info=&#8220;{}&#8220;]<\/p>\n<h2>Anw\u00e4lte mit Erfahrung in Auslieferungsverfahren und Europ\u00e4ischen Haftbefehlen und \u00dcbergaben<\/h2>\n<p>Oliver &amp; Abogados besteht aus einem Team von Anw\u00e4lten mit fundierter Erfahrung in Auslieferungsverfahren, Europ\u00e4ischen Haftbefehlen und \u00dcbergaben, die vor den Zentralen Instruktionsgerichten und den Strafkammern des Obersten Gerichtshofs durchgef\u00fchrt werden.<\/p>\n<p>Bei Oliver &amp; Abogados bieten wir schnelle und effiziente Beratung und antizipieren jede Situation, die entstehen kann.<\/p>\n<p>[\/et_pb_text][\/et_pb_column][et_pb_column type=&#8220;1_2&#8243; _builder_version=&#8220;4.18.0&#8243; _module_preset=&#8220;default&#8220; global_colors_info=&#8220;{}&#8220;][et_pb_text _builder_version=&#8220;4.19.0&#8243; text_font=&#8220;Karla||||||||&#8220; text_line_height=&#8220;1.8em&#8220; header_font=&#8220;||||||||&#8220; header_2_font=&#8220;Cormorant Garamond||||||||&#8220; header_2_font_size=&#8220;40px&#8220; header_2_line_height=&#8220;1.4em&#8220; header_3_font=&#8220;||||||||&#8220; locked=&#8220;off&#8220; global_colors_info=&#8220;{}&#8220;]<\/p>\n<p>Wir beraten in Auslieferungs-, Europ\u00e4ischen Haft- und \u00dcbergabeverfahren vom Erlass des internationalen Haftbefehls durch den ersuchenden Staat bis zum Abschluss des Verfahrens, einschlie\u00dflich der Einlegung von ordentlichen und au\u00dferordentlichen Rechtsmitteln.<\/p>\n<p>Wir arbeiten aktiv mit Anwaltskanzleien im Ausland zusammen. Besonders hervorzuheben ist die Zusammenarbeit mit Kanzleien in Mexiko, Kolumbien, Venezuela, den Vereinigten Staaten, dem Vereinigten K\u00f6nigreich, Portugal und Deutschland, die es uns erm\u00f6glicht, einen umfassenden Rechtsschutz zu bieten, der die Verteidigung des Angeklagten sowohl im ersuchten Land, also Spanien, als auch in dem Land, das die \u00dcbergabe verlangt, abdeckt.<\/p>\n<p>Zu unseren Dienstleistungen geh\u00f6rt auch die Einreichung von Klagen vor internationalen Gremien und Gerichten, wie dem UN-Menschenrechtsausschuss oder dem Europ\u00e4ischen Gerichtshof f\u00fcr Menschenrechte.<\/p>\n<p>[\/et_pb_text][\/et_pb_column][\/et_pb_row][\/et_pb_section][et_pb_section fb_built=&#8220;1&#8243; custom_padding_last_edited=&#8220;on|phone&#8220; _builder_version=&#8220;4.18.0&#8243; _module_preset=&#8220;default&#8220; custom_padding=&#8220;6px||100px||false|false&#8220; custom_padding_tablet=&#8220;6px||100px||false|false&#8220; custom_padding_phone=&#8220;6px||50px||false|false&#8220; global_colors_info=&#8220;{}&#8220;][et_pb_row column_structure=&#8220;1_2,1_2&#8243; _builder_version=&#8220;4.18.0&#8243; _module_preset=&#8220;default&#8220; global_colors_info=&#8220;{}&#8220;][et_pb_column type=&#8220;1_2&#8243; _builder_version=&#8220;4.18.0&#8243; _module_preset=&#8220;default&#8220; global_colors_info=&#8220;{}&#8220;][et_pb_text _builder_version=&#8220;4.19.0&#8243; text_font=&#8220;Karla||||||||&#8220; text_line_height=&#8220;1.8em&#8220; header_font=&#8220;||||||||&#8220; header_2_font=&#8220;Cormorant Garamond||||||||&#8220; header_2_font_size=&#8220;40px&#8220; header_2_line_height=&#8220;1.4em&#8220; header_3_font=&#8220;||||||||&#8220; custom_margin=&#8220;||14px|||&#8220; locked=&#8220;off&#8220; global_colors_info=&#8220;{}&#8220;]<\/p>\n<h2><strong>Was sind Auslieferungsverfahren und Europ\u00e4ische Haftbefehle?<\/strong><\/h2>\n<p>Auslieferungsverfahren und Europ\u00e4ische Haftbefehle und \u00dcbergabebefehle haben gemeinsam, dass ein ausl\u00e4ndischer Staat Spanien um die Verhaftung und \u00dcbergabe eines B\u00fcrgers ersucht, der sich auf spanischem Hoheitsgebiet befindet, um im ersuchenden Staat vor Gericht gestellt zu werden oder eine Strafe zu verb\u00fc\u00dfen.<\/p>\n<p>[\/et_pb_text][\/et_pb_column][et_pb_column type=&#8220;1_2&#8243; _builder_version=&#8220;4.18.0&#8243; _module_preset=&#8220;default&#8220; global_colors_info=&#8220;{}&#8220;][et_pb_text _builder_version=&#8220;4.19.0&#8243; text_font=&#8220;Karla||||||||&#8220; text_line_height=&#8220;1.8em&#8220; header_font=&#8220;||||||||&#8220; header_2_font=&#8220;Cormorant Garamond||||||||&#8220; header_2_font_size=&#8220;40px&#8220; header_2_line_height=&#8220;1.4em&#8220; header_3_font=&#8220;||||||||&#8220; custom_margin=&#8220;||14px|||&#8220; locked=&#8220;off&#8220; global_colors_info=&#8220;{}&#8220;]<\/p>\n<p>Gegen den gesuchten B\u00fcrger wird in Spanien ein Gerichtsverfahren eingeleitet, in dem entschieden wird, ob der \u00dcbergabe stattgegeben wird oder nicht.<\/p>\n<p>Das Auslieferungsverfahren unterliegt den internationalen Vertr\u00e4gen, die in diesem Bereich zwischen Spanien und den verschiedenen Staaten unterzeichnet wurden und in denen das Legalit\u00e4tsprinzip verankert ist, und wird nach dem Passiven Auslieferungsgesetz abgewickelt.<\/p>\n<p>Europ\u00e4ische Haftbefehle zur Festnahme und \u00dcbergabe werden erlassen, wenn beide Staaten (der ersuchende und der ersuchte) Mitgliedstaaten der Europ\u00e4ischen Union sind. Das Verfahren ist durch europ\u00e4isches Recht geregelt, das in nationales Recht umgesetzt wurde.<\/p>\n<p>[\/et_pb_text][\/et_pb_column][\/et_pb_row][\/et_pb_section][et_pb_section fb_built=&#8220;1&#8243; custom_padding_last_edited=&#8220;on|phone&#8220; admin_label=&#8220;Contact&#8220; _builder_version=&#8220;4.19.0&#8243; background_color=&#8220;#1b1b1b&#8220; use_background_color_gradient=&#8220;on&#8220; background_color_gradient_stops=&#8220;#121212 0%|rgba(18,18,18,0.8) 100%&#8220; background_color_gradient_overlays_image=&#8220;on&#8220; background_color_gradient_start=&#8220;#121212&#8243; background_color_gradient_end=&#8220;rgba(18,18,18,0.8)&#8220; background_image=&#8220;https:\/\/oliverabogados.es\/wp-content\/uploads\/2022\/09\/Captura-de-Pantalla-2022-09-15-a-las-15.14.45.png&#8220; custom_margin=&#8220;||||false|false&#8220; custom_padding=&#8220;120px|0px|120px|0px|false|false&#8220; custom_padding_tablet=&#8220;120px|0px|120px|0px|false|false&#8220; custom_padding_phone=&#8220;50px|0px|50px|0px|false|false&#8220; global_colors_info=&#8220;{}&#8220;][et_pb_row column_structure=&#8220;1_2,1_2&#8243; _builder_version=&#8220;4.16&#8243; custom_padding=&#8220;27px|0px|0|0px&#8220; global_colors_info=&#8220;{}&#8220;][et_pb_column type=&#8220;1_2&#8243; _builder_version=&#8220;4.16&#8243; custom_padding=&#8220;|||&#8220; global_colors_info=&#8220;{}&#8220; custom_padding__hover=&#8220;|||&#8220;][et_pb_text _builder_version=&#8220;4.19.0&#8243; text_font=&#8220;Karla||||||||&#8220; text_text_color=&#8220;rgba(255,255,255,0.7)&#8220; text_line_height=&#8220;1.8em&#8220; header_font=&#8220;||||||||&#8220; header_2_font=&#8220;Cormorant Garamond||||||||&#8220; header_2_font_size=&#8220;40px&#8220; header_2_line_height=&#8220;1.4em&#8220; header_3_font=&#8220;||||||||&#8220; background_layout=&#8220;dark&#8220; max_width=&#8220;600px&#8220; locked=&#8220;off&#8220; global_colors_info=&#8220;{}&#8220;]<\/p>\n<h2>Kontaktiere uns<\/h2>\n<p>[\/et_pb_text][\/et_pb_column][et_pb_column type=&#8220;1_2&#8243; _builder_version=&#8220;4.18.0&#8243; _module_preset=&#8220;default&#8220; global_colors_info=&#8220;{}&#8220;][\/et_pb_column][\/et_pb_row][et_pb_row column_structure=&#8220;1_2,1_2&#8243; _builder_version=&#8220;4.18.0&#8243; custom_padding=&#8220;0px|0px|0|0px|false|false&#8220; global_colors_info=&#8220;{}&#8220;][et_pb_column type=&#8220;1_2&#8243; _builder_version=&#8220;4.16&#8243; custom_padding=&#8220;|||&#8220; global_colors_info=&#8220;{}&#8220; custom_padding__hover=&#8220;|||&#8220;][et_pb_text _builder_version=&#8220;4.19.0&#8243; text_font=&#8220;Karla||||||||&#8220; text_text_color=&#8220;rgba(255,255,255,0.7)&#8220; text_line_height=&#8220;1.8em&#8220; header_font=&#8220;||||||||&#8220; header_2_font=&#8220;Cormorant Garamond||||||||&#8220; header_2_font_size=&#8220;40px&#8220; header_2_line_height=&#8220;1.4em&#8220; header_3_font=&#8220;||||||||&#8220; background_layout=&#8220;dark&#8220; max_width=&#8220;600px&#8220; locked=&#8220;off&#8220; global_colors_info=&#8220;{}&#8220;]<\/p>\n<p>Wenn gegen Sie ein f\u00f6rmliches Auslieferungs- oder Europ\u00e4isches Haftbefehlsverfahren eingeleitet wurde oder wenn Sie vermuten, dass ein ausl\u00e4ndischer Staat demn\u00e4chst ein solches Verfahren gegen Sie einleiten k\u00f6nnte, z\u00f6gern Sie nicht, sich an unser Team von Fachanw\u00e4lten zu wenden.<\/p>\n<p>[\/et_pb_text][\/et_pb_column][et_pb_column type=&#8220;1_2&#8243; _builder_version=&#8220;4.18.0&#8243; _module_preset=&#8220;default&#8220; global_colors_info=&#8220;{}&#8220;][et_pb_button button_url=&#8220;https:\/\/oliverabogados.es\/de\/kontakt\/&#8220; button_text=&#8220;Kontaktiere uns&#8220; button_alignment=&#8220;center&#8220; _builder_version=&#8220;4.18.0&#8243; custom_button=&#8220;on&#8220; button_text_size=&#8220;18px&#8220; button_text_color=&#8220;#FFFFFF&#8220; button_border_color=&#8220;#c2ab92&#8243; button_border_radius=&#8220;0px&#8220; button_letter_spacing=&#8220;2px&#8220; button_font=&#8220;Karla|700||on|||||&#8220; custom_padding=&#8220;10px||10px|&#8220; button_letter_spacing_hover=&#8220;2px&#8220; button_bg_color_hover=&#8220;rgba(0,0,0,0)&#8220; locked=&#8220;off&#8220; global_colors_info=&#8220;{}&#8220; button_text_size__hover_enabled=&#8220;off&#8220; button_one_text_size__hover_enabled=&#8220;off&#8220; button_two_text_size__hover_enabled=&#8220;off&#8220; button_text_color__hover_enabled=&#8220;off&#8220; button_one_text_color__hover_enabled=&#8220;off&#8220; button_two_text_color__hover_enabled=&#8220;off&#8220; button_border_width__hover_enabled=&#8220;off&#8220; button_one_border_width__hover_enabled=&#8220;off&#8220; button_two_border_width__hover_enabled=&#8220;off&#8220; button_border_color__hover_enabled=&#8220;off&#8220; button_one_border_color__hover_enabled=&#8220;off&#8220; button_two_border_color__hover_enabled=&#8220;off&#8220; button_border_radius__hover_enabled=&#8220;off&#8220; button_one_border_radius__hover_enabled=&#8220;off&#8220; button_two_border_radius__hover_enabled=&#8220;off&#8220; button_letter_spacing__hover_enabled=&#8220;on&#8220; button_letter_spacing__hover=&#8220;2px&#8220; button_one_letter_spacing__hover_enabled=&#8220;off&#8220; button_two_letter_spacing__hover_enabled=&#8220;off&#8220; button_bg_color__hover_enabled=&#8220;on&#8220; button_bg_color__hover=&#8220;rgba(0,0,0,0)&#8220; button_one_bg_color__hover_enabled=&#8220;off&#8220; button_two_bg_color__hover_enabled=&#8220;off&#8220;][\/et_pb_button][\/et_pb_column][\/et_pb_row][\/et_pb_section]<\/p>\n","protected":false},"excerpt":{"rendered":"<p>Auslieferungen und Europ\u00e4ische Haftbefehle und \u00dcbergabenAnw\u00e4lte mit Erfahrung in Auslieferungsverfahren und Europ\u00e4ischen Haftbefehlen und \u00dcbergaben Oliver &amp; Abogados besteht aus einem Team von Anw\u00e4lten mit fundierter Erfahrung in Auslieferungsverfahren, Europ\u00e4ischen Haftbefehlen und \u00dcbergaben, die vor den Zentralen Instruktionsgerichten und den Strafkammern des Obersten Gerichtshofs durchgef\u00fchrt werden. Bei Oliver &amp; Abogados bieten wir schnelle und effiziente [&hellip;]<\/p>\n","protected":false},"author":5,"featured_media":0,"parent":0,"menu_order":0,"comment_status":"closed","ping_status":"closed","template":"","meta":{"_et_pb_use_builder":"on","_et_pb_old_content":"","_et_gb_content_width":"","footnotes":""},"class_list":["post-509","page","type-page","status-publish","hentry"],"yoast_head":"<!-- This site is optimized with the Yoast SEO plugin v27.4 - https:\/\/yoast.com\/product\/yoast-seo-wordpress\/ -->\n<title>Oliver &amp; Abogados Auslieferungen und Europ\u00e4ische Haftbefehle und \u00dcbergaben<\/title>\n<meta name=\"description\" content=\"Fachanw\u00e4lte f\u00fcr internationales Strafrecht, Spezialisten f\u00fcr Auslieferungsverfahren und Europ\u00e4ische Haft- und \u00dcbergabebefehle.\" \/>\n<meta name=\"robots\" content=\"index, follow, max-snippet:-1, max-image-preview:large, max-video-preview:-1\" \/>\n<link rel=\"canonical\" href=\"https:\/\/oliverabogados.es\/de\/auslieferungen-und-europaeische-haftbefehle-und-uebergaben\/\" \/>\n<meta property=\"og:locale\" content=\"de_DE\" \/>\n<meta property=\"og:type\" content=\"article\" \/>\n<meta property=\"og:title\" content=\"Oliver &amp; Abogados Auslieferungen und Europ\u00e4ische Haftbefehle und \u00dcbergaben\" \/>\n<meta property=\"og:description\" content=\"Fachanw\u00e4lte f\u00fcr internationales Strafrecht, Spezialisten f\u00fcr Auslieferungsverfahren und Europ\u00e4ische Haft- und \u00dcbergabebefehle.\" \/>\n<meta property=\"og:url\" content=\"https:\/\/oliverabogados.es\/de\/auslieferungen-und-europaeische-haftbefehle-und-uebergaben\/\" \/>\n<meta property=\"og:site_name\" content=\"Oliver &amp; Abogados\" \/>\n<meta property=\"article:modified_time\" content=\"2022-11-16T20:46:04+00:00\" \/>\n<meta name=\"twitter:card\" content=\"summary_large_image\" \/>\n<meta name=\"twitter:label1\" content=\"Gesch\u00e4tzte Lesezeit\" \/>\n\t<meta name=\"twitter:data1\" content=\"3\u00a0Minuten\" \/>\n<script type=\"application\/ld+json\" class=\"yoast-schema-graph\">{\"@context\":\"https:\\\/\\\/schema.org\",\"@graph\":[{\"@type\":\"WebPage\",\"@id\":\"https:\\\/\\\/oliverabogados.es\\\/de\\\/auslieferungen-und-europaeische-haftbefehle-und-uebergaben\\\/\",\"url\":\"https:\\\/\\\/oliverabogados.es\\\/de\\\/auslieferungen-und-europaeische-haftbefehle-und-uebergaben\\\/\",\"name\":\"Oliver &amp; Abogados Auslieferungen und Europ\u00e4ische Haftbefehle und \u00dcbergaben\",\"isPartOf\":{\"@id\":\"https:\\\/\\\/oliverabogados.es\\\/#website\"},\"datePublished\":\"2022-09-22T18:37:04+00:00\",\"dateModified\":\"2022-11-16T20:46:04+00:00\",\"description\":\"Fachanw\u00e4lte f\u00fcr internationales Strafrecht, Spezialisten f\u00fcr Auslieferungsverfahren und Europ\u00e4ische Haft- und \u00dcbergabebefehle.\",\"breadcrumb\":{\"@id\":\"https:\\\/\\\/oliverabogados.es\\\/de\\\/auslieferungen-und-europaeische-haftbefehle-und-uebergaben\\\/#breadcrumb\"},\"inLanguage\":\"de\",\"potentialAction\":[{\"@type\":\"ReadAction\",\"target\":[\"https:\\\/\\\/oliverabogados.es\\\/de\\\/auslieferungen-und-europaeische-haftbefehle-und-uebergaben\\\/\"]}]},{\"@type\":\"BreadcrumbList\",\"@id\":\"https:\\\/\\\/oliverabogados.es\\\/de\\\/auslieferungen-und-europaeische-haftbefehle-und-uebergaben\\\/#breadcrumb\",\"itemListElement\":[{\"@type\":\"ListItem\",\"position\":1,\"name\":\"Portada\",\"item\":\"https:\\\/\\\/oliverabogados.es\\\/de\\\/\"},{\"@type\":\"ListItem\",\"position\":2,\"name\":\"Auslieferungen und Europ\u00e4ische Haftbefehle und \u00dcbergaben\"}]},{\"@type\":\"WebSite\",\"@id\":\"https:\\\/\\\/oliverabogados.es\\\/#website\",\"url\":\"https:\\\/\\\/oliverabogados.es\\\/\",\"name\":\"Oliver &amp; Abogados\",\"description\":\"Especialistas en Derecho Penal\",\"potentialAction\":[{\"@type\":\"SearchAction\",\"target\":{\"@type\":\"EntryPoint\",\"urlTemplate\":\"https:\\\/\\\/oliverabogados.es\\\/?s={search_term_string}\"},\"query-input\":{\"@type\":\"PropertyValueSpecification\",\"valueRequired\":true,\"valueName\":\"search_term_string\"}}],\"inLanguage\":\"de\"}]}<\/script>\n<!-- \/ Yoast SEO plugin. -->","yoast_head_json":{"title":"Oliver &amp; Abogados Auslieferungen und Europ\u00e4ische Haftbefehle und \u00dcbergaben","description":"Fachanw\u00e4lte f\u00fcr internationales Strafrecht, Spezialisten f\u00fcr Auslieferungsverfahren und Europ\u00e4ische Haft- und \u00dcbergabebefehle.","robots":{"index":"index","follow":"follow","max-snippet":"max-snippet:-1","max-image-preview":"max-image-preview:large","max-video-preview":"max-video-preview:-1"},"canonical":"https:\/\/oliverabogados.es\/de\/auslieferungen-und-europaeische-haftbefehle-und-uebergaben\/","og_locale":"de_DE","og_type":"article","og_title":"Oliver &amp; Abogados Auslieferungen und Europ\u00e4ische Haftbefehle und \u00dcbergaben","og_description":"Fachanw\u00e4lte f\u00fcr internationales Strafrecht, Spezialisten f\u00fcr Auslieferungsverfahren und Europ\u00e4ische Haft- und \u00dcbergabebefehle.","og_url":"https:\/\/oliverabogados.es\/de\/auslieferungen-und-europaeische-haftbefehle-und-uebergaben\/","og_site_name":"Oliver &amp; Abogados","article_modified_time":"2022-11-16T20:46:04+00:00","twitter_card":"summary_large_image","twitter_misc":{"Gesch\u00e4tzte Lesezeit":"3\u00a0Minuten"},"schema":{"@context":"https:\/\/schema.org","@graph":[{"@type":"WebPage","@id":"https:\/\/oliverabogados.es\/de\/auslieferungen-und-europaeische-haftbefehle-und-uebergaben\/","url":"https:\/\/oliverabogados.es\/de\/auslieferungen-und-europaeische-haftbefehle-und-uebergaben\/","name":"Oliver &amp; Abogados Auslieferungen und Europ\u00e4ische Haftbefehle und \u00dcbergaben","isPartOf":{"@id":"https:\/\/oliverabogados.es\/#website"},"datePublished":"2022-09-22T18:37:04+00:00","dateModified":"2022-11-16T20:46:04+00:00","description":"Fachanw\u00e4lte f\u00fcr internationales Strafrecht, Spezialisten f\u00fcr Auslieferungsverfahren und Europ\u00e4ische Haft- und \u00dcbergabebefehle.","breadcrumb":{"@id":"https:\/\/oliverabogados.es\/de\/auslieferungen-und-europaeische-haftbefehle-und-uebergaben\/#breadcrumb"},"inLanguage":"de","potentialAction":[{"@type":"ReadAction","target":["https:\/\/oliverabogados.es\/de\/auslieferungen-und-europaeische-haftbefehle-und-uebergaben\/"]}]},{"@type":"BreadcrumbList","@id":"https:\/\/oliverabogados.es\/de\/auslieferungen-und-europaeische-haftbefehle-und-uebergaben\/#breadcrumb","itemListElement":[{"@type":"ListItem","position":1,"name":"Portada","item":"https:\/\/oliverabogados.es\/de\/"},{"@type":"ListItem","position":2,"name":"Auslieferungen und Europ\u00e4ische Haftbefehle und \u00dcbergaben"}]},{"@type":"WebSite","@id":"https:\/\/oliverabogados.es\/#website","url":"https:\/\/oliverabogados.es\/","name":"Oliver &amp; Abogados","description":"Especialistas en Derecho Penal","potentialAction":[{"@type":"SearchAction","target":{"@type":"EntryPoint","urlTemplate":"https:\/\/oliverabogados.es\/?s={search_term_string}"},"query-input":{"@type":"PropertyValueSpecification","valueRequired":true,"valueName":"search_term_string"}}],"inLanguage":"de"}]}},"_links":{"self":[{"href":"https:\/\/oliverabogados.es\/de\/wp-json\/wp\/v2\/pages\/509","targetHints":{"allow":["GET"]}}],"collection":[{"href":"https:\/\/oliverabogados.es\/de\/wp-json\/wp\/v2\/pages"}],"about":[{"href":"https:\/\/oliverabogados.es\/de\/wp-json\/wp\/v2\/types\/page"}],"author":[{"embeddable":true,"href":"https:\/\/oliverabogados.es\/de\/wp-json\/wp\/v2\/users\/5"}],"replies":[{"embeddable":true,"href":"https:\/\/oliverabogados.es\/de\/wp-json\/wp\/v2\/comments?post=509"}],"version-history":[{"count":24,"href":"https:\/\/oliverabogados.es\/de\/wp-json\/wp\/v2\/pages\/509\/revisions"}],"predecessor-version":[{"id":1265,"href":"https:\/\/oliverabogados.es\/de\/wp-json\/wp\/v2\/pages\/509\/revisions\/1265"}],"wp:attachment":[{"href":"https:\/\/oliverabogados.es\/de\/wp-json\/wp\/v2\/media?parent=509"}],"curies":[{"name":"wp","href":"https:\/\/api.w.org\/{rel}","templated":true}]}}